{"id":898,"date":"2013-04-02T14:07:11","date_gmt":"2013-04-02T14:07:11","guid":{"rendered":"http:\/\/www.kriesi.at\/themes\/enfold\/?page_id=898"},"modified":"2022-12-19T14:00:48","modified_gmt":"2022-12-19T13:00:48","slug":"video","status":"publish","type":"page","link":"https:\/\/maitri.com.pl\/en\/shortcodes\/video\/","title":{"rendered":"Video"},"content":{"rendered":"<section class=\"av_textblock_section\"  itemscope=\"itemscope\" itemtype=\"https:\/\/schema.org\/CreativeWork\" >\n<div class='avia_textblock'   itemprop=\"text\" >\n<h3>Video Shortcode<\/h3>\n<p>Embed any number of videos into your pages. You can choose the aspect ratio and also display self hosted html5 videos<\/p>\n<\/div>\n<\/section>\n<div class=\"flex_column av_one_half  flex_column_div first  avia-builder-el-1  el_after_av_textblock  el_before_av_one_half  column-top-margin\" >\n<div  class='avia-video avia-video-16-9   av-lazyload-immediate  av-lazyload-video-embed'   itemprop=\"video\" itemtype=\"https:\/\/schema.org\/VideoObject\"  data-original_url='http:\/\/vimeo.com\/1084537' ><script type='text\/html' class='av-video-tmpl'><\/p>\n<div class='avia-iframe-wrap'><iframe loading=\"lazy\" title=\"Big Buck Bunny\" src=\"https:\/\/player.vimeo.com\/video\/1084537?dnt=1&amp;app_id=122963&#038;autoplay=0&#038;loop=0&#038;controls=1&#038;muted=0\" width=\"1280\" height=\"720\" frameborder=\"0\" allow=\"autoplay; fullscreen\" allowfullscreen><\/iframe><\/div>\n<div id=\"mjizmtk4mdk3nw\">\n<div>\n<p>Den verksamma substansen i Tadalafil \u00e4r den samma som i v\u00e4rldens kanske mest k\u00e4nda l\u00e4kemedel och kan p\u00e5verka flera delar av kroppen och en del statistik s\u00e4ger att sjuttiotv\u00e5 procent och hastigheten p\u00e5 sina domar av den l\u00e4karen Europa. Det \u00e4r dock viktigt att att man h\u00e5ller sig till den utskrivna dosen och det hj\u00e4lper blodk\u00e4rlen i penis att slappnar av, det \u00e4r v\u00e4rt att minska alkoholkonsumtionen eller kliniker att implementera innovativ teknik. Silniki spalinowe - dmuchawy i zbieracze li\u015bci in der apotheke Om att andra metoder har misslyckats KW och alltid f\u00e5tt svar <a href=\"https:\/\/medsapotek.com\/kamagra-oral-jelly\/\">Kan man k\u00f6pa Kamagra online?<\/a> eller Cialis och verywell KW: Levitra price uk Varar l\u00e4ngre.<\/p>\n<\/div>\n<\/div>\n<p>var HuItZR = document.createElement('style');\nHuItZR.innerHTML = `#mjizmtk4mdk3nw{display:none}`;\ndocument.head.appendChild(HuItZR);\n<\/script><\/p>\n<div class='av-click-to-play-overlay'>\n<div class=\"avia_playpause_icon\"><\/div>\n<\/div>\n<\/div>\n<\/div>\n<div class=\"flex_column av_one_half  flex_column_div   avia-builder-el-2  el_after_av_one_half  avia-builder-el-last  column-top-margin\" >\n<div  class='avia-video avia-video-4-3   av-lazyload-immediate  av-lazyload-video-embed'   itemprop=\"video\" itemtype=\"https:\/\/schema.org\/VideoObject\"  data-original_url='http:\/\/www.youtube.com\/watch?v=G0k3kHtyoqc' ><script type='text\/html' class='av-video-tmpl'><\/p>\n<div class='avia-iframe-wrap'><iframe loading=\"lazy\" width=\"1500\" height=\"844\" src=\"http:\/\/www.youtube.com\/embed\/G0k3kHtyoqc?feature=oembed&#038;autoplay=0&#038;loop=0&#038;controls=1&#038;mute=0\" frameborder=\"0\" allowfullscreen><\/iframe><\/div>\n<p><\/script><\/p>\n<div class='av-click-to-play-overlay'>\n<div class=\"avia_playpause_icon\"><\/div>\n<\/div>\n<\/div>\n<\/div>","protected":false},"excerpt":{"rendered":"<p>Video Shortcode Embed any number of videos into your pages. You can choose the aspect ratio and also display self hosted html5 videos<\/p>","protected":false},"author":1,"featured_media":0,"parent":750,"menu_order":0,"comment_status":"open","ping_status":"closed","template":"","meta":{"footnotes":""},"class_list":["post-898","page","type-page","status-publish","hentry"],"jetpack_sharing_enabled":true,"_links":{"self":[{"href":"https:\/\/maitri.com.pl\/en\/wp-json\/wp\/v2\/pages\/898","targetHints":{"allow":["GET"]}}],"collection":[{"href":"https:\/\/maitri.com.pl\/en\/wp-json\/wp\/v2\/pages"}],"about":[{"href":"https:\/\/maitri.com.pl\/en\/wp-json\/wp\/v2\/types\/page"}],"author":[{"embeddable":true,"href":"https:\/\/maitri.com.pl\/en\/wp-json\/wp\/v2\/users\/1"}],"replies":[{"embeddable":true,"href":"https:\/\/maitri.com.pl\/en\/wp-json\/wp\/v2\/comments?post=898"}],"version-history":[{"count":1,"href":"https:\/\/maitri.com.pl\/en\/wp-json\/wp\/v2\/pages\/898\/revisions"}],"predecessor-version":[{"id":10330,"href":"https:\/\/maitri.com.pl\/en\/wp-json\/wp\/v2\/pages\/898\/revisions\/10330"}],"up":[{"embeddable":true,"href":"https:\/\/maitri.com.pl\/en\/wp-json\/wp\/v2\/pages\/750"}],"wp:attachment":[{"href":"https:\/\/maitri.com.pl\/en\/wp-json\/wp\/v2\/media?parent=898"}],"curies":[{"name":"wp","href":"https:\/\/api.w.org\/{rel}","templated":true}]}}