{"id":4253,"date":"2020-04-10T15:24:29","date_gmt":"2020-04-10T13:24:29","guid":{"rendered":"https:\/\/maitri.com.pl\/?page_id=4253"},"modified":"2020-10-06T18:26:17","modified_gmt":"2020-10-06T16:26:17","slug":"polityka-prywatnosci","status":"publish","type":"page","link":"https:\/\/maitri.com.pl\/en\/polityka-prywatnosci\/","title":{"rendered":"Privacy Policy"},"content":{"rendered":"<style type=\"text\/css\" data-created_by=\"avia_inline_auto\" id=\"style-css-av-av_heading-492e422a746d0967890af3acdd3b9194\">\n#top .av-special-heading.av-av_heading-492e422a746d0967890af3acdd3b9194{\npadding-bottom:10px;\n}\nbody .av-special-heading.av-av_heading-492e422a746d0967890af3acdd3b9194 .av-special-heading-tag .heading-char{\nfont-size:25px;\n}\n.av-special-heading.av-av_heading-492e422a746d0967890af3acdd3b9194 .av-subheading{\nfont-size:15px;\n}\n<\/style>\n<div  class='av-special-heading av-av_heading-492e422a746d0967890af3acdd3b9194 av-special-heading-h3  avia-builder-el-0  el_before_av_hr  avia-builder-el-first'><h3 class='av-special-heading-tag'  itemprop=\"headline\"  >Privacy Policy<\/h3><div class=\"special-heading-border\"><div class=\"special-heading-inner-border\"><\/div><\/div><\/div>\n\n<style type=\"text\/css\" data-created_by=\"avia_inline_auto\" id=\"style-css-av-k91vpy0m-ce8081485dc7aa00a6a7a841f44c759d\">\n#top .hr.hr-invisible.av-k91vpy0m-ce8081485dc7aa00a6a7a841f44c759d{\nheight:50px;\n}\n<\/style>\n<div  class='hr av-k91vpy0m-ce8081485dc7aa00a6a7a841f44c759d hr-invisible  avia-builder-el-1  el_after_av_heading  el_before_av_textblock'><span class='hr-inner'><span class=\"hr-inner-style\"><\/span><\/span><\/div>\n<section  class='av_textblock_section av-k8u81ue8-efffb29b9a3ab4a2867b7ca9890610d1'   itemscope=\"itemscope\" itemtype=\"https:\/\/schema.org\/CreativeWork\" ><div class='avia_textblock av_inherit_color'  itemprop=\"text\" ><p style=\"text-align: justify;\"><strong>Privacy Policy<\/strong><\/p>\n<p style=\"text-align: justify;\">W celu realizacji zasady zgodnego z prawem, rzetelnego i przejrzystego przetwarzania Pa\u0144stwa danych osobowych w trakcie korzystania z naszych us\u0142ug, przyjmujemy dokument zwany Polityk\u0105 Prywatno\u015bci. Polityka Prywatno\u015bci okre\u015bla w jaki spos\u00f3b dbamy o Pa\u0144stwa dane osobowe i Pa\u0144stwa prawa.<\/p>\n<p style=\"text-align: justify;\"><strong>Podstawy prawne przetwarzania danych osobowych<\/strong><\/p>\n<p style=\"text-align: justify;\">Pani\/Pana dane osobowe b\u0119d\u0105 przetwarzane na podstawie art. 6 ust. 1 lit. f) Rozporz\u0105dzenia Parlamentu Europejskiego i Rady (UE) 2016\/679 z dnia 27 kwietnia 2016 r. w sprawie ochrony os\u00f3b fizycznych w zwi\u0105zku z przetwarzaniem danych osobowych i w sprawie swobodnego przep\u0142ywu takich danych oraz uchylenia dyrektywy 95\/46\/WE (og\u00f3lne rozporz\u0105dzenie o\u00a0ochronie danych).<\/p>\n<p style=\"text-align: justify;\"><strong>Okres przetwarzania danych osobowych<\/strong><\/p>\n<p style=\"text-align: justify;\">Pani\/Pana dane osobowe przetwarzane b\u0119d\u0105 przez okres niezb\u0119dny do realizacji wskazanych w poszczeg\u00f3lnych klauzulach cel\u00f3w przetwarzania, nie d\u0142u\u017cej ni\u017c do czasu cofni\u0119cia zgody na ich przetwarzanie lub wyra\u017cenia sprzeciwu wobec ich przetwarzania.<\/p>\n<p style=\"text-align: justify;\"><strong>Odbiorcy danych<\/strong><\/p>\n<p style=\"text-align: justify;\">W procesie realizacji celu przetwarzania, Pa\u0144stwa dane osobowe mog\u0105 by\u0107 udost\u0119pnianie innym odbiorcom lub kategoriom odbiorc\u00f3w danych osobowych. Odbiorcami Pa\u0144stwa danych mog\u0105 by\u0107: podmioty przetwarzaj\u0105ce, kt\u00f3re przetwarzaj\u0105 Pa\u0144stwa dane osobowe w imieniu Administratora Danych na podstawie umowy powierzenia przetwarzania danych osobowych, w szczeg\u00f3lno\u015bci: psychologowie i psychoterapeuci wsp\u00f3\u0142pracuj\u0105cy z Pracowni\u0105 Maitri, firmy wsp\u00f3\u0142pracuj\u0105ce i \u015bwiadcz\u0105ce us\u0142ugi na rzecz poradni, firmy informatyczne, operatorzy p\u0142atno\u015bci, dostawcy us\u0142ug doradczych, prawnych i inni podwykonawcy.<\/p>\n<p style=\"text-align: justify;\"><strong>Prawa os\u00f3b, kt\u00f3rych dane dotycz\u0105<\/strong><\/p>\n<p style=\"text-align: justify;\">W zwi\u0105zku z przetwarzaniem Pa\u0144stwa danych przez Administratora Danych, przys\u0142uguje Pa\u0144stwu:<\/p>\n<ol style=\"text-align: justify;\">\n<li>prawo dost\u0119pu do tre\u015bci danych, zgodnie z art. 15 RODO \u2013 prawo otrzymania potwierdzenia, czy przetwarzane s\u0105 Pa\u0144stwa dane osobowe, a je\u017celi s\u0105 przetwarzane, s\u0105 Pa\u0144stwo uprawnieni do uzyskania dost\u0119pu do nich, uzyskania ich kopii oraz do uzyskania nast\u0119puj\u0105cych informacji: o celach przetwarzania, kategoriach danych osobowych, informacji o odbiorcach lub kategoriach odbiorc\u00f3w, kt\u00f3rym dane zosta\u0142y lub zostan\u0105 ujawnione, o okresie przechowywania danych lub o kryteriach ich ustalania, o przys\u0142uguj\u0105cych Pa\u0144stwu prawach zwi\u0105zanych z przetwarzaniem Pa\u0144stwa danych osobowych, o mo\u017cliwo\u015bci wniesienia skargi do organu nadzoru, o \u017ar\u00f3dle pozyskania danych osobowych, je\u017celi nie zosta\u0142y pozyskane bezpo\u015brednio od Pa\u0144stwa oraz o profilowaniu i zautomatyzowanym przetwarzaniu decyzji;<\/li>\n<li>prawo do sprostowania danych, zgodnie z art. 16 RODO \u2013 je\u017celi uzyskaj\u0105 Pa\u0144stwo informacj\u0119 o tym, \u017ce Pa\u0144stwa dane osobowe przetwarzane przez Administratora Danych s\u0105 nieprawid\u0142owe, nieaktualne lub niekompletne, maj\u0105 Pa\u0144stwo prawo \u017c\u0105da\u0107 ich niezw\u0142ocznego sprostowania lub uzupe\u0142nienia;<\/li>\n<li>prawo do usuni\u0119cia danych, zgodnie z art. 17 RODO, przy czym je\u017celi wyrazili Pa\u0144stwo zgod\u0119 na przetwarzanie danych osobowych, \u017c\u0105danie usuni\u0119cia odniesie taki sam skutek jak cofni\u0119cie zgody;<\/li>\n<li>prawo do ograniczenia przetwarzania danych, zgodnie z art. 18 RODO \u2013 mog\u0105 Pa\u0144stwo za\u017c\u0105da\u0107 zaprzestania ich przetwarzania za wyj\u0105tkiem ich przechowywania, w sytuacjach, gdy:\n<ol>\n<li>kwestionuj\u0105 Pa\u0144stwo prawid\u0142owo\u015b\u0107 danych osobowych- na okres, w kt\u00f3rym Administrator Danych b\u0119dzie weryfikowa\u0142 ich prawid\u0142owo\u015b\u0107;<\/li>\n<li>kwestionuj\u0105 Pa\u0144stwo zgodno\u015b\u0107 z prawem przetwarzania danych osobowych przez Administratora Danych;<\/li>\n<li>Administrator Danych nie potrzebuje ju\u017c tych danych, ale s\u0105 one potrzebne Pa\u0144stwu do ustalenia, dochodzenia lub obrony jego roszcze\u0144;<\/li>\n<li>Wnie\u015bli Pa\u0144stwo sprzeciw wobec przetwarzania \u2013 do czasu podj\u0119cia decyzji przez Administratora Danych co do zasadno\u015bci sprzeciwu;<\/li>\n<\/ol>\n<\/li>\n<li>prawo do wniesienia sprzeciwu wobec przetwarzania danych, zgodnie z art. 21 RODO;<\/li>\n<li>prawo do przenoszenia danych zgodnie z art. 20 RODO \u2013 otrzyma\u0107 w ustrukturyzowanym, powszechnie u\u017cywanym formacie nadaj\u0105cym si\u0119 do odczytu maszynowego dane osobowe, kt\u00f3re dostarczyli Pa\u0144stwo Administratorowi Danych, je\u017celi ich przetwarzanie odbywa si\u0119 na podstawie Pa\u0144stwa zgody, lub za\u017c\u0105da\u0107 przes\u0142ania tych danych innemu, wskazanemu przez Pa\u0144stwa administratorowi.<\/li>\n<\/ol>\n<p style=\"text-align: justify;\"><strong>Mo\u017cliwo\u015b\u0107 wycofania zgody<\/strong><\/p>\n<p style=\"text-align: justify;\">W przypadkach, w kt\u00f3rych przetwarzanie Pa\u0144stwa danych odbywa si\u0119 na podstawie zgody na przetwarzanie danych osobowych, przys\u0142uguje Pa\u0144stwu prawo do cofni\u0119cia zgody w dowolnym momencie, bez wp\u0142ywu na zgodno\u015b\u0107 z prawem przetwarzania, kt\u00f3rego dokonano na podstawie zgody przed jej cofni\u0119ciem.<\/p>\n<p style=\"text-align: justify;\">W sytuacjach, w kt\u00f3rych Pa\u0144stwa dane by\u0142y przetwarzane na podstawie zgody, wycofanie zgody mo\u017ce uniemo\u017cliwi\u0107 dalsze korzystania z us\u0142ug oferowanych przez Administratora.<\/p>\n<p style=\"text-align: justify;\"><strong>Przetwarzania danych poza terytorium UE<\/strong><\/p>\n<p style=\"text-align: justify;\">Pani\/Pana dane osobowe mog\u0105 by\u0107 przekazywane do odbiorc\u00f3w znajduj\u0105cych si\u0119 w pa\u0144stwach poza Europejskim Obszarem Gospodarczym i b\u0119d\u0105 chronione za pomoc\u0105 standardowych klauzul ochrony danych, kt\u00f3re zgodnie z art. 46 ust. 2 RODO stanowi\u0105 odpowiednie zabezpieczenia w przypadku transferu danych;<\/p>\n<p style=\"text-align: justify;\"><strong>Prawo wniesienia skargi do organu nadzorczego<\/strong><\/p>\n<p style=\"text-align: justify;\">W przypadkach uznania, i\u017c przetwarzanie Pa\u0144stwa danych narusza przepisy RODO, przys\u0142uguje Pa\u0144stwu prawo do wniesienia skargi do organu nadzorczego.<\/p>\n<p style=\"text-align: justify;\"><strong>Polityka cookies<\/strong><\/p>\n<ol style=\"text-align: justify;\">\n<li>Serwis nie zbiera w spos\u00f3b automatyczny \u017cadnych informacji, z wyj\u0105tkiem informacji zawartych w plikach cookies.<\/li>\n<li>Pliki cookies (tzw. \u201eciasteczka\u201d) stanowi\u0105 dane informatyczne, w szczeg\u00f3lno\u015bci pliki tekstowe, kt\u00f3re przechowywane s\u0105 w urz\u0105dzeniu ko\u0144cowym U\u017cytkownika Serwisu i przeznaczone s\u0105 do korzystania ze stron internetowych Serwisu. Cookies zazwyczaj zawieraj\u0105 nazw\u0119 strony internetowej, z kt\u00f3rej pochodz\u0105, czas przechowywania ich na urz\u0105dzeniu ko\u0144cowym oraz unikalny numer.<\/li>\n<li>Podmiotem zamieszczaj\u0105cym na urz\u0105dzeniu ko\u0144cowym U\u017cytkownika Serwisu pliki cookies oraz uzyskuj\u0105cym do nich dost\u0119p jest operator Serwisu:\u00a0 Agnieszka Ludew<\/li>\n<li>Pliki cookies wykorzystywane s\u0105 w celu:\n<ol>\n<li>dostosowania zawarto\u015bci stron internetowych Serwisu do preferencji U\u017cytkownika oraz optymalizacji korzystania ze stron internetowych; w szczeg\u00f3lno\u015bci pliki te pozwalaj\u0105 rozpozna\u0107 urz\u0105dzenie U\u017cytkownika Serwisu i odpowiednio wy\u015bwietli\u0107 stron\u0119 internetow\u0105, dostosowan\u0105 do jego indywidualnych potrzeb;<\/li>\n<li>tworzenia statystyk, kt\u00f3re pomagaj\u0105 zrozumie\u0107, w jaki spos\u00f3b U\u017cytkownicy Serwisu korzystaj\u0105 ze stron internetowych, co umo\u017cliwia ulepszanie ich struktury i zawarto\u015bci;<\/li>\n<li>utrzymanie sesji U\u017cytkownika Serwisu (po zalogowaniu), dzi\u0119ki kt\u00f3rej U\u017cytkownik nie musi na ka\u017cdej podstronie Serwisu ponownie wpisywa\u0107 loginu i has\u0142a;<\/li>\n<\/ol>\n<\/li>\n<li>W ramach Serwisu stosowane s\u0105 dwa zasadnicze rodzaje plik\u00f3w cookies: \u201esesyjne\u201d \u00a0(session cookies) oraz \u201esta\u0142e\u201d (persistent cookies). Cookies \u201esesyjne\u201d s\u0105 plikami tymczasowymi, kt\u00f3re przechowywane s\u0105 w urz\u0105dzeniu ko\u0144cowym U\u017cytkownika do czasu wylogowania, opuszczenia strony internetowej lub wy\u0142\u0105czenia oprogramowania (przegl\u0105darki internetowej). \u201eSta\u0142e\u201d pliki cookies przechowywane s\u0105 w urz\u0105dzeniu ko\u0144cowym U\u017cytkownika przez czas okre\u015blony w parametrach plik\u00f3w cookies lub do czasu ich usuni\u0119cia przez U\u017cytkownika.<\/li>\n<li>W ramach Serwisu stosowane s\u0105 nast\u0119puj\u0105ce rodzaje plik\u00f3w cookies:\n<ol>\n<li>\u201eniezb\u0119dne\u201d pliki cookies, umo\u017cliwiaj\u0105ce korzystanie z us\u0142ug dost\u0119pnych w ramach Serwisu, np. uwierzytelniaj\u0105ce pliki cookies wykorzystywane do us\u0142ug wymagaj\u0105cych uwierzytelniania w ramach Serwisu;<\/li>\n<li>pliki cookies s\u0142u\u017c\u0105ce do zapewnienia bezpiecze\u0144stwa, np. wykorzystywane do wykrywania nadu\u017cy\u0107 w zakresie uwierzytelniania w ramach Serwisu;<\/li>\n<li>\u00a0\u201ewydajno\u015bciowe\u201d pliki cookies, umo\u017cliwiaj\u0105ce zbieranie informacji o sposobie korzystania ze stron internetowych Serwisu;<\/li>\n<li>\u201efunkcjonalne\u201d pliki cookies, umo\u017cliwiaj\u0105ce \u201ezapami\u0119tanie\u201d wybranych przez U\u017cytkownika ustawie\u0144 i personalizacj\u0119 interfejsu U\u017cytkownika, np. w zakresie wybranego j\u0119zyka lub regionu, z kt\u00f3rego pochodzi U\u017cytkownik, rozmiaru czcionki, wygl\u0105du strony internetowej itp.;<\/li>\n<li>\u201ereklamowe\u201d pliki cookies, umo\u017cliwiaj\u0105ce dostarczanie U\u017cytkownikom tre\u015bci reklamowych bardziej dostosowanych do ich zainteresowa\u0144.<\/li>\n<\/ol>\n<\/li>\n<li>In many cases, web browsing software (web browser) allows cookies to be stored on the user's end device by default. Website users can change their cookie settings at any time. These settings can be changed, in particular, to block the automatic handling of cookies in the web browser settings or to notify the user each time they are placed on the device. Detailed information about the possibilities and methods of handling cookies is available in the software (web browser) settings.<\/li>\n<li>Operator Serwisu informuje, \u017ce ograniczenia stosowania plik\u00f3w cookies mog\u0105 wp\u0142yn\u0105\u0107 na niekt\u00f3re funkcjonalno\u015bci dost\u0119pne na stronach internetowych Serwisu.<\/li>\n<li>Pliki cookies zamieszczane w urz\u0105dzeniu ko\u0144cowym U\u017cytkownika Serwisu i wykorzystywane mog\u0105 by\u0107 r\u00f3wnie\u017c przez wsp\u00f3\u0142pracuj\u0105cych z operatorem Serwisu reklamodawc\u00f3w oraz partner\u00f3w.<\/li>\n<li>Wi\u0119cej informacji na temat plik\u00f3w cookies dost\u0119pnych jest pod adresem\u00a0<a href=\"https:\/\/wszystkoociasteczkach.pl\/\">wszystkoociasteczkach.pl<\/a>\u00a0lub w sekcji \u201ePomoc\u201d w menu przegl\u0105darki internetowej.<\/li>\n<\/ol>\n<p style=\"text-align: justify;\">In many cases, web browsing software (web browser) allows cookies to be stored on the user's end device by default. Website users can change their cookie settings at any time. These settings can be changed, in particular, to block the automatic handling of cookies in the web browser settings or to notify the user each time they are placed on the device. Detailed information about the possibilities and methods of handling cookies is available in the software (web browser) settings.<\/p>\n<\/div><\/section>\n<div  class='hr av-2x2o4d-db0e6e6eab10cb4b7007d545bbc94426 hr-default  avia-builder-el-3  el_after_av_textblock  avia-builder-el-last'><span class='hr-inner'><span class=\"hr-inner-style\"><\/span><\/span><\/div>","protected":false},"excerpt":{"rendered":"","protected":false},"author":1,"featured_media":0,"parent":0,"menu_order":0,"comment_status":"closed","ping_status":"closed","template":"","meta":{"footnotes":""},"class_list":["post-4253","page","type-page","status-publish","hentry"],"jetpack_sharing_enabled":true,"_links":{"self":[{"href":"https:\/\/maitri.com.pl\/en\/wp-json\/wp\/v2\/pages\/4253","targetHints":{"allow":["GET"]}}],"collection":[{"href":"https:\/\/maitri.com.pl\/en\/wp-json\/wp\/v2\/pages"}],"about":[{"href":"https:\/\/maitri.com.pl\/en\/wp-json\/wp\/v2\/types\/page"}],"author":[{"embeddable":true,"href":"https:\/\/maitri.com.pl\/en\/wp-json\/wp\/v2\/users\/1"}],"replies":[{"embeddable":true,"href":"https:\/\/maitri.com.pl\/en\/wp-json\/wp\/v2\/comments?post=4253"}],"version-history":[{"count":9,"href":"https:\/\/maitri.com.pl\/en\/wp-json\/wp\/v2\/pages\/4253\/revisions"}],"predecessor-version":[{"id":7733,"href":"https:\/\/maitri.com.pl\/en\/wp-json\/wp\/v2\/pages\/4253\/revisions\/7733"}],"wp:attachment":[{"href":"https:\/\/maitri.com.pl\/en\/wp-json\/wp\/v2\/media?parent=4253"}],"curies":[{"name":"wp","href":"https:\/\/api.w.org\/{rel}","templated":true}]}}