{"id":1302,"date":"2013-04-07T16:28:54","date_gmt":"2013-04-07T14:28:54","guid":{"rendered":"http:\/\/www.kriesi.at\/themes\/enfold\/?page_id=1302"},"modified":"2025-08-21T21:25:21","modified_gmt":"2025-08-21T19:25:21","slug":"szkolenia-i-coaching","status":"publish","type":"page","link":"https:\/\/maitri.com.pl\/en\/szkolenia-i-coaching\/","title":{"rendered":"Business Training and Coaching"},"content":{"rendered":"<style type=\"text\/css\" data-created_by=\"avia_inline_auto\" id=\"style-css-av-25zimo6-d67160e43c062406d87ca252d29af1e0\">\n.avia-section.av-25zimo6-d67160e43c062406d87ca252d29af1e0{\nbackground-color:#000000;\nbackground-image:url(https:\/\/maitri.com.pl\/wp-content\/uploads\/2020\/04\/877D751C-928E-4FCE-8441-592A04816A52-1-1-1500x1000.jpeg);\nbackground-repeat:no-repeat;\nbackground-position:50% 50%;\nbackground-attachment:fixed;\n}\n.avia-section.av-25zimo6-d67160e43c062406d87ca252d29af1e0 .av-section-color-overlay{\nopacity:0.1;\n}\n.avia-section.av-25zimo6-d67160e43c062406d87ca252d29af1e0 .av-extra-border-element .av-extra-border-inner{\nbackground-color:#000000;\n}\n<\/style>\n<div id='av_section_1'  class='avia-section av-25zimo6-d67160e43c062406d87ca252d29af1e0 main_color avia-section-default avia-no-shadow  avia-builder-el-0  el_before_av_hr  avia-builder-el-first  avia-full-stretch avia-bg-style-fixed av-section-color-overlay-active av-arrow-down-section container_wrap sidebar_right'  data-section-bg-repeat='stretch'><div class=\"av-section-color-overlay-wrap\"><div class=\"av-section-color-overlay\"><\/div><a href='#next-section' title='' class='scroll-down-link  avia-svg-icon avia-font-svg_entypo-fontello' data-av_svg_icon='down-open-mini' data-av_iconset='svg_entypo-fontello'><svg version=\"1.1\" xmlns=\"http:\/\/www.w3.org\/2000\/svg\" width=\"15\" height=\"32\" viewbox=\"0 0 15 32\" preserveaspectratio=\"xMidYMid meet\" aria-labelledby='av-svg-title-1' aria-describedby='av-svg-desc-1' role=\"graphics-symbol\" aria-hidden=\"true\">\n<title id='av-svg-title-1'>Scroll to next section<\/title>\n<desc id='av-svg-desc-1'>Scroll to next section<\/desc>\n<path d=\"M12.96 12.16q0.704-0.832 1.536 0 0.832 0.704 0 1.536l-6.272 6.144q-0.704 0.704-1.536 0l-6.272-6.144q-0.832-0.832 0-1.536 0.768-0.768 1.6 0l5.44 4.992z\"><\/path>\n<\/svg><\/a><div class='container av-section-cont-open' ><main  role=\"main\" itemprop=\"mainContentOfPage\"  class='template-page content  av-content-small alpha units'><div class='post-entry post-entry-type-page post-entry-1302'><div class='entry-content-wrapper clearfix'>\n\n<style type=\"text\/css\" data-created_by=\"avia_inline_auto\" id=\"style-css-av-k8u4tjrw-b100fdbf021af08b48b1a31e3e0a0ed6\">\n#top .hr.hr-invisible.av-k8u4tjrw-b100fdbf021af08b48b1a31e3e0a0ed6{\nheight:70px;\n}\n<\/style>\n<div  class='hr av-k8u4tjrw-b100fdbf021af08b48b1a31e3e0a0ed6 hr-invisible  avia-builder-el-1  el_before_av_heading  avia-builder-el-first'><span class='hr-inner'><span class=\"hr-inner-style\"><\/span><\/span><\/div> \n<style type=\"text\/css\" data-created_by=\"avia_inline_auto\" id=\"style-css-av-k8u4vmqv-fcae85e1224e1020f411522a0463ccce\">\n#top .av-special-heading.av-k8u4vmqv-fcae85e1224e1020f411522a0463ccce{\npadding-bottom:10px;\ncolor:#ffffff;\n}\nbody .av-special-heading.av-k8u4vmqv-fcae85e1224e1020f411522a0463ccce .av-special-heading-tag .heading-char{\nfont-size:25px;\n}\n.av-special-heading.av-k8u4vmqv-fcae85e1224e1020f411522a0463ccce .special-heading-inner-border{\nborder-color:#ffffff;\n}\n.av-special-heading.av-k8u4vmqv-fcae85e1224e1020f411522a0463ccce .av-subheading{\nfont-size:15px;\n}\n<\/style>\n<div  class='av-special-heading av-k8u4vmqv-fcae85e1224e1020f411522a0463ccce av-special-heading-h2 custom-color-heading blockquote modern-quote modern-centered  avia-builder-el-2  el_after_av_hr  el_before_av_hr'><h2 class='av-special-heading-tag'  itemprop=\"headline\"  >Business Training and Coaching<\/h2><div class=\"special-heading-border\"><div class=\"special-heading-inner-border\"><\/div><\/div><\/div> \n<style type=\"text\/css\" data-created_by=\"avia_inline_auto\" id=\"style-css-av-6w86u-6e670fba8040e843ea196d3fe8bdb6b3\">\n#top .hr.hr-invisible.av-6w86u-6e670fba8040e843ea196d3fe8bdb6b3{\nheight:70px;\n}\n<\/style>\n<div  class='hr av-6w86u-6e670fba8040e843ea196d3fe8bdb6b3 hr-invisible  avia-builder-el-3  el_after_av_heading  avia-builder-el-last'><span class='hr-inner'><span class=\"hr-inner-style\"><\/span><\/span><\/div>\n<\/div><\/div><\/main><!-- close content main element --><\/div><div class='av-extra-border-element border-extra-arrow-down'><div class='av-extra-border-outer'><div class='av-extra-border-inner'><\/div><\/div><\/div><\/div><\/div><div id='after_section_1'  class='main_color av_default_container_wrap container_wrap sidebar_right'  ><div class='container av-section-cont-open' ><div class='template-page content  av-content-small alpha units'><div class='post-entry post-entry-type-page post-entry-1302'><div class='entry-content-wrapper clearfix'>\n\n<style type=\"text\/css\" data-created_by=\"avia_inline_auto\" id=\"style-css-av-2rezli-61b09d84a692c9760c2e33b231b9cf82\">\n#top .hr.hr-invisible.av-2rezli-61b09d84a692c9760c2e33b231b9cf82{\nheight:50px;\n}\n<\/style>\n<div  class='hr av-2rezli-61b09d84a692c9760c2e33b231b9cf82 hr-invisible  avia-builder-el-4  el_after_av_section  el_before_av_textblock  avia-builder-el-first'><span class='hr-inner'><span class=\"hr-inner-style\"><\/span><\/span><\/div>\n\n<style type=\"text\/css\" data-created_by=\"avia_inline_auto\" id=\"style-css-av-k8nipxdj-8df3cd7c0a688f337d140ed868f287c3\">\n#top .av_textblock_section.av-k8nipxdj-8df3cd7c0a688f337d140ed868f287c3 .avia_textblock{\nfont-size:14px;\n}\n<\/style>\n<section  class='av_textblock_section av-k8nipxdj-8df3cd7c0a688f337d140ed868f287c3'   itemscope=\"itemscope\" itemtype=\"https:\/\/schema.org\/CreativeWork\" ><div class='avia_textblock'  itemprop=\"text\" ><h5><\/h5>\n<h3 style=\"text-align: center;\"><\/h3>\n<p style=\"text-align: center;\">W ramach \u201eSzkolenia i Coaching\u201d oferuj\u0119 wsparcie rozwojowe dla Pa\u0144stwa firm poprzez trening indywidualny b\u0105d\u017a grupowy \u00a0pa\u0144stwa pracownik\u00f3w i kadry managerskiej w wyodr\u0119bnionych poni\u017cej obszarach. Podana poni\u017cej \u00a0lista nie wyczerpuje mo\u017cliwo\u015bci doskonal\u0105cych \u2013 stanowi jedynie ich \u00a0propozycj\u0119.<\/p>\n<\/div><\/section>\n<div  class='hr av-k8t7w9p7-b4cb02fe89ddf07a4b61ec2a96fa1ada hr-full  avia-builder-el-6  el_after_av_textblock  el_before_av_one_half  hr-no-shadow'><span class='hr-inner'><span class=\"hr-inner-style\"><\/span><\/span><\/div>\n\n<style type=\"text\/css\" data-created_by=\"avia_inline_auto\" id=\"style-css-av-1vrue1i-ac457615ab6bef4c612694cd8c8c38e5\">\n.flex_column.av-1vrue1i-ac457615ab6bef4c612694cd8c8c38e5{\nborder-radius:0px 0px 0px 0px;\npadding:0px 0px 0px 0px;\n}\n<\/style>\n<div  class='flex_column av-1vrue1i-ac457615ab6bef4c612694cd8c8c38e5 av_one_half  avia-builder-el-7  el_after_av_hr  el_before_av_one_half  first flex_column_div av-zero-column-padding'     ><section  class='av_textblock_section av-k8niqyw1-c54584c636df89bcc3d799b2806f221a'   itemscope=\"itemscope\" itemtype=\"https:\/\/schema.org\/CreativeWork\" ><div class='avia_textblock'  itemprop=\"text\" ><h4 style=\"text-align: center;\">Personal Growth<\/h4>\n<\/div><\/section><br \/>\n<div  class='avia-slideshow av-melsi1po-dfc31bc68b6674ae2d7c555d3cf38e03 avia-slideshow-medium av_slideshow avia-slide-slider  avia-builder-el-9  el_after_av_textblock  el_before_av_textblock  av-slideshow-ui av-control-default av-slideshow-manual av-loop-once av-loop-manual-endless av-default-height-applied avia-slideshow-1' data-slideshow-options=\"{&quot;animation&quot;:&quot;slide&quot;,&quot;autoplay&quot;:false,&quot;loop_autoplay&quot;:&quot;once&quot;,&quot;interval&quot;:5,&quot;loop_manual&quot;:&quot;manual-endless&quot;,&quot;autoplay_stopper&quot;:false,&quot;noNavigation&quot;:false,&quot;bg_slider&quot;:false,&quot;keep_padding&quot;:false,&quot;hoverpause&quot;:false,&quot;show_slide_delay&quot;:0}\"  itemprop=\"image\" itemscope=\"itemscope\" itemtype=\"https:\/\/schema.org\/ImageObject\" ><ul class='avia-slideshow-inner' style='padding-bottom: 66.666666666667%;'><li  class='avia-slideshow-slide av-melsi1po-dfc31bc68b6674ae2d7c555d3cf38e03__0  av-single-slide slide-1 slide-odd'><div data-rel='slideshow-1' class='avia-slide-wrap'   ><img decoding=\"async\" fetchpriority=\"high\" class=\"wp-image-4223 avia-img-lazy-loading-not-4223\"  src=\"https:\/\/maitri.com.pl\/wp-content\/uploads\/2020\/04\/women-s-white-button-up-long-sleeved-shirt-1037914-300x200.jpg\" width=\"300\" height=\"200\" title='women-s-white-button-up-long-sleeved-shirt-1037914' alt=''  itemprop=\"thumbnailUrl\" srcset=\"https:\/\/maitri.com.pl\/wp-content\/uploads\/2020\/04\/women-s-white-button-up-long-sleeved-shirt-1037914-300x200.jpg 300w, https:\/\/maitri.com.pl\/wp-content\/uploads\/2020\/04\/women-s-white-button-up-long-sleeved-shirt-1037914-1030x688.jpg 1030w, https:\/\/maitri.com.pl\/wp-content\/uploads\/2020\/04\/women-s-white-button-up-long-sleeved-shirt-1037914-768x513.jpg 768w, https:\/\/maitri.com.pl\/wp-content\/uploads\/2020\/04\/women-s-white-button-up-long-sleeved-shirt-1037914-1536x1025.jpg 1536w, https:\/\/maitri.com.pl\/wp-content\/uploads\/2020\/04\/women-s-white-button-up-long-sleeved-shirt-1037914-2048x1367.jpg 2048w, https:\/\/maitri.com.pl\/wp-content\/uploads\/2020\/04\/women-s-white-button-up-long-sleeved-shirt-1037914-1500x1001.jpg 1500w, https:\/\/maitri.com.pl\/wp-content\/uploads\/2020\/04\/women-s-white-button-up-long-sleeved-shirt-1037914-705x471.jpg 705w\" sizes=\"(max-width: 300px) 100vw, 300px\" \/><\/div><\/li><\/ul><\/div><br \/>\n<section  class='av_textblock_section av-1me1946-4dd4fce34cebe01db9935c2d65464bc7'   itemscope=\"itemscope\" itemtype=\"https:\/\/schema.org\/CreativeWork\" ><div class='avia_textblock'  itemprop=\"text\" ><p style=\"text-align: center;\">Wellbeing<\/p>\n<p style=\"text-align: center;\">Communication<\/p>\n<p style=\"text-align: center;\">Conflict management<\/p>\n<p style=\"text-align: center;\">Personal effectiveness<\/p>\n<p style=\"text-align: center;\">Emotional Intelligence<\/p>\n<p style=\"text-align: center;\">Stress and burnout management<\/p>\n<\/div><\/section><\/p><\/div>\n\n<style type=\"text\/css\" data-created_by=\"avia_inline_auto\" id=\"style-css-av-2k655y-0cf3689b059ba927a12113289eab377c\">\n.flex_column.av-2k655y-0cf3689b059ba927a12113289eab377c{\nborder-radius:0px 0px 0px 0px;\npadding:0px 0px 0px 0px;\n}\n<\/style>\n<div  class='flex_column av-2k655y-0cf3689b059ba927a12113289eab377c av_one_half  avia-builder-el-11  el_after_av_one_half  el_before_av_hr  flex_column_div av-zero-column-padding'     ><section  class='av_textblock_section av-melsdmgz-abf8649d64d1e86d191f6ad71f77ead0'   itemscope=\"itemscope\" itemtype=\"https:\/\/schema.org\/CreativeWork\" ><div class='avia_textblock'  itemprop=\"text\" ><h4 style=\"text-align: center;\">Business<\/h4>\n<\/div><\/section><br \/>\n<div  class='avia-slideshow av-melse7v2-7919ad817385c7906de4b6be31984e38 avia-slideshow-medium av_slideshow avia-slide-slider  avia-builder-el-13  el_after_av_textblock  el_before_av_textblock  av-slideshow-ui av-control-default av-slideshow-manual av-loop-once av-loop-manual-endless av-default-height-applied avia-slideshow-2' data-slideshow-options=\"{&quot;animation&quot;:&quot;slide&quot;,&quot;autoplay&quot;:false,&quot;loop_autoplay&quot;:&quot;once&quot;,&quot;interval&quot;:5,&quot;loop_manual&quot;:&quot;manual-endless&quot;,&quot;autoplay_stopper&quot;:false,&quot;noNavigation&quot;:false,&quot;bg_slider&quot;:false,&quot;keep_padding&quot;:false,&quot;hoverpause&quot;:false,&quot;show_slide_delay&quot;:0}\"  itemprop=\"image\" itemscope=\"itemscope\" itemtype=\"https:\/\/schema.org\/ImageObject\" ><ul class='avia-slideshow-inner' style='padding-bottom: 66.666666666667%;'><li  class='avia-slideshow-slide av-melse7v2-7919ad817385c7906de4b6be31984e38__0  av-single-slide slide-1 slide-odd'><div data-rel='slideshow-2' class='avia-slide-wrap'   ><img decoding=\"async\" fetchpriority=\"high\" class=\"wp-image-4170 avia-img-lazy-loading-not-4170\"  src=\"https:\/\/maitri.com.pl\/wp-content\/uploads\/2020\/04\/business-1989126_1920-300x200.jpg\" width=\"300\" height=\"200\" title='business-1989126_1920' alt=''  itemprop=\"thumbnailUrl\" srcset=\"https:\/\/maitri.com.pl\/wp-content\/uploads\/2020\/04\/business-1989126_1920-300x200.jpg 300w, https:\/\/maitri.com.pl\/wp-content\/uploads\/2020\/04\/business-1989126_1920-1030x687.jpg 1030w, https:\/\/maitri.com.pl\/wp-content\/uploads\/2020\/04\/business-1989126_1920-768x512.jpg 768w, https:\/\/maitri.com.pl\/wp-content\/uploads\/2020\/04\/business-1989126_1920-1536x1024.jpg 1536w, https:\/\/maitri.com.pl\/wp-content\/uploads\/2020\/04\/business-1989126_1920-1500x1000.jpg 1500w, https:\/\/maitri.com.pl\/wp-content\/uploads\/2020\/04\/business-1989126_1920-705x470.jpg 705w, https:\/\/maitri.com.pl\/wp-content\/uploads\/2020\/04\/business-1989126_1920.jpg 1920w\" sizes=\"(max-width: 300px) 100vw, 300px\" \/><\/div><\/li><\/ul><\/div><br \/>\n<section  class='av_textblock_section av-melsddog-a0c844843cd18e16af3c91535f61ed5d'   itemscope=\"itemscope\" itemtype=\"https:\/\/schema.org\/CreativeWork\" ><div class='avia_textblock'  itemprop=\"text\" ><p style=\"text-align: center;\">Neuroscience and Emotional Intelligence in Business<\/p>\n<p style=\"text-align: center;\">Leadership for Women<\/p>\n<p style=\"text-align: center;\">Coaching Management<\/p>\n<p style=\"text-align: center;\">Public Speaking<\/p>\n<p style=\"text-align: center;\">Conflict Management<\/p>\n<p style=\"text-align: center;\">Performance evaluation<\/p>\n<\/div><\/section><\/p><\/div>\n<div  class='hr av-k8t7w3zy-9fdf22e8440b14fecaab0d0527800ac6 hr-full  avia-builder-el-15  el_after_av_one_half  el_before_av_textblock  hr-no-shadow'><span class='hr-inner'><span class=\"hr-inner-style\"><\/span><\/span><\/div>\n<section  class='av_textblock_section av-k8niwmjp-3ddda61fbcd9540ea01bd986c712e37a'   itemscope=\"itemscope\" itemtype=\"https:\/\/schema.org\/CreativeWork\" ><div class='avia_textblock'  itemprop=\"text\" ><h4 style=\"text-align: center;\">PROJECT DEVELOPMENT<\/h4>\n<p>Ka\u017cde szkolenie poprzedzone jest wnikliwym badaniem potrzeb szkoleniowych dedykowanych pracownik\u00f3w (w zg\u0142oszonym uprzednio obszarze rozwojowym) oraz oczekiwa\u0144 firmy, co do efektu treningu. W oparciu o wyniki badania przygotowuj\u0119 dla Pa\u0144stwa propozycj\u0119 efektywnych dzia\u0142a\u0144 (coachingu lub planu szkoleniowego lub programu warsztatu), kt\u00f3re podlegaj\u0105 dalszej konsultacji z Pa\u0144stwem do momentu pe\u0142nej akceptacji projektu.<\/p>\n<\/div><\/section>\n\n<style type=\"text\/css\" data-created_by=\"avia_inline_auto\" id=\"style-css-av-bdnbs6-7d8d704214896145f269762ea1b17be2\">\n#top .hr.av-bdnbs6-7d8d704214896145f269762ea1b17be2{\nmargin-top:30px;\nmargin-bottom:30px;\n}\n.hr.av-bdnbs6-7d8d704214896145f269762ea1b17be2 .hr-inner{\nwidth:200px;\nborder-color:#aaaaaa;\nmax-width:45%;\n}\n.hr.av-bdnbs6-7d8d704214896145f269762ea1b17be2 .av-seperator-icon{\ncolor:#b02b2c;\n}\n.hr.av-bdnbs6-7d8d704214896145f269762ea1b17be2 .av-seperator-icon.avia-svg-icon svg:first-child{\nfill:#b02b2c;\nstroke:#b02b2c;\n}\n<\/style>\n<div  class='hr av-bdnbs6-7d8d704214896145f269762ea1b17be2 hr-custom  avia-builder-el-17  el_after_av_textblock  el_before_av_textblock  hr-center hr-icon-yes'><span class='hr-inner inner-border-av-border-thin'><span class=\"hr-inner-style\"><\/span><\/span><span class='av-seperator-icon avia-iconfont avia-font-entypo-fontello' data-av_icon='\ue89a' data-av_iconfont='entypo-fontello' ><\/span><span class='hr-inner inner-border-av-border-thin'><span class=\"hr-inner-style\"><\/span><\/span><\/div>\n<section  class='av_textblock_section av-k8niwmjp-5-ce4ab2e4b192bdfbf27556c1710c9530'   itemscope=\"itemscope\" itemtype=\"https:\/\/schema.org\/CreativeWork\" ><div class='avia_textblock'  itemprop=\"text\" ><h4 style=\"text-align: center;\">MISSION<\/h4>\n<p>My mission is to unlock unique innate potential within  every participant of MAITRI\u2019s workshops . Using various approaches, my objective is to nurture their openness toward richness of own experience, knowledge and different skills, and in that way to enhance and accelerate their individual growth.<\/p>\n<\/div><\/section>\n\n<style type=\"text\/css\" data-created_by=\"avia_inline_auto\" id=\"style-css-av-bdnbs6-4-4c0ee3303783701abed52fc701a50272\">\n#top .hr.av-bdnbs6-4-4c0ee3303783701abed52fc701a50272{\nmargin-top:30px;\nmargin-bottom:30px;\n}\n.hr.av-bdnbs6-4-4c0ee3303783701abed52fc701a50272 .hr-inner{\nwidth:200px;\nborder-color:#aaaaaa;\nmax-width:45%;\n}\n.hr.av-bdnbs6-4-4c0ee3303783701abed52fc701a50272 .av-seperator-icon{\ncolor:#b02b2c;\n}\n.hr.av-bdnbs6-4-4c0ee3303783701abed52fc701a50272 .av-seperator-icon.avia-svg-icon svg:first-child{\nfill:#b02b2c;\nstroke:#b02b2c;\n}\n<\/style>\n<div  class='hr av-bdnbs6-4-4c0ee3303783701abed52fc701a50272 hr-custom  avia-builder-el-19  el_after_av_textblock  el_before_av_textblock  hr-center hr-icon-yes'><span class='hr-inner inner-border-av-border-thin'><span class=\"hr-inner-style\"><\/span><\/span><span class='av-seperator-icon avia-iconfont avia-font-entypo-fontello' data-av_icon='\ue89a' data-av_iconfont='entypo-fontello' ><\/span><span class='hr-inner inner-border-av-border-thin'><span class=\"hr-inner-style\"><\/span><\/span><\/div>\n<section  class='av_textblock_section av-k8niwmjp-3-0bb2bbd29b2e7c3af3b002301055cdbf'   itemscope=\"itemscope\" itemtype=\"https:\/\/schema.org\/CreativeWork\" ><div class='avia_textblock'  itemprop=\"text\" ><h4 style=\"text-align: center;\">METHODS OF WORK<\/h4>\n<p>Metody rozwojowe\u00a0 jakimi pracuj\u0119 poznawa\u0142am w trakcie doskonalenia zawodowego w Polsce i za granic\u0105. To na co Pa\u0144stwo mog\u0105 liczy\u0107 \u2013 to aktywny charakter prowadzonych przeze mnie szkole\u0144, nastawienie na budowanie nowych, efektywnych zachowa\u0144 i wspieranie motywacji pracownik\u00f3w do dokonywania pozytywnych zmian ju\u017c w trakcie treningu. Dbam o bezpiecze\u0144stwo grupy i wysokie standardy pracy zgodnie z wytycznymi Polskiego Towarzystwa Psychologicznego i Kodeksu Etycznego Psychologa. W zale\u017cno\u015bci od oczekiwa\u0144 oferuj\u0119 r\u00f3wnie\u017c projekt \u2018follow up\u2019 wspieraj\u0105cy wdra\u017canie w \u017cycie nowo poznanych technologii.<\/p>\n<\/div><\/section>\n<\/div><\/div><\/div><!-- close content main div --><\/div><\/div><div id='av_section_2'  class='avia-section av-e9jok6-d7f6a1d09139b6a0377984b5647c9f07 alternate_color avia-section-large avia-no-shadow  avia-builder-el-21  el_after_av_textblock  avia-builder-el-last  avia-bg-style-scroll container_wrap sidebar_right'  ><div class='container av-section-cont-open' ><div class='template-page content  av-content-small alpha units'><div class='post-entry post-entry-type-page post-entry-1302'><div class='entry-content-wrapper clearfix'>\n<section  class='av_textblock_section av-bvv6w6-a961032c41428ff3af24aa8cd0ee2694'   itemscope=\"itemscope\" itemtype=\"https:\/\/schema.org\/CreativeWork\" ><div class='avia_textblock'  itemprop=\"text\" ><h2 style=\"text-align: center;\">Request for quotation<\/h2>\n<\/div><\/section> \n<style type=\"text\/css\" data-created_by=\"avia_inline_auto\" id=\"style-css-av-bdnbs6-2-5f1d7f599b6192b80b548107089792ad\">\n#top .hr.hr-invisible.av-bdnbs6-2-5f1d7f599b6192b80b548107089792ad{\nheight:50px;\n}\n<\/style>\n<div  class='hr av-bdnbs6-2-5f1d7f599b6192b80b548107089792ad hr-invisible  avia-builder-el-23  el_after_av_textblock  el_before_av_textblock'><span class='hr-inner'><span class=\"hr-inner-style\"><\/span><\/span><\/div> <section  class='av_textblock_section av-bvv6w6-1-0f22c2af6eff38ca7ee0792f6be9fe79'   itemscope=\"itemscope\" itemtype=\"https:\/\/schema.org\/CreativeWork\" ><div class='avia_textblock'  itemprop=\"text\" ><p> Zach\u0119cam Pa\u0144stwa do przes\u0142ania zapytania ofertowego w sprawie szkole\u0144 zamkni\u0119tych przy pomocy poni\u017cszego formularza. Po jego otrzymaniu skontaktuj\u0119\u00a0 si\u0119 z Pa\u0144stwem, aby uzgodni\u0107 szczeg\u00f3\u0142y i przygotowa\u0107 dopasowan\u0105 do Pa\u0144stwa oczekiwa\u0144 propozycj\u0119. <\/p>\n<\/div><\/section> <form action=\"https:\/\/maitri.com.pl\/en\/szkolenia-i-coaching\/\" method=\"post\" data-fields-with-error=\"Found errors in the following field(s):\" class=\"avia_ajax_form av-form-labels-visible   avia-builder-el-25  el_after_av_textblock  avia-builder-el-last\" data-avia-form-id=\"1\" data-avia-redirect='' data-trp-original-action=\"https:\/\/maitri.com.pl\/en\/szkolenia-i-coaching\/\" ><fieldset><p class='first_form  form_element form_fullwidth' id='element_avia_1_1'><label for=\"avia_1_1\">Name\/ Company <abbr class=\"required\" title=\"required\">*<\/abbr><\/label> <input name=\"avia_1_1\" class=\"text_input is_empty\" type=\"text\" id=\"avia_1_1\" value=\"\" \/><\/p><p class='first_form  form_element form_fullwidth' id='element_avia_2_1'><label for=\"avia_2_1\">E-Mail <abbr class=\"required\" title=\"required\">*<\/abbr><\/label> <input name=\"avia_2_1\" class=\"text_input is_email\" type=\"text\" id=\"avia_2_1\" value=\"\" \/><\/p><p class='first_form  form_element form_fullwidth' id='element_avia_3_1'><label for=\"avia_3_1\">What is the main subject for this project? <abbr class=\"required\" title=\"required\">*<\/abbr><\/label> <input name=\"avia_3_1\" class=\"text_input is_empty\" type=\"text\" id=\"avia_3_1\" value=\"\" \/><\/p><p class='first_form  form_element form_fullwidth' id='element_avia_4_1'><label for=\"avia_4_1\">Can you define target audience in this project, please?<\/label> <input name=\"avia_4_1\" class=\"text_input\" type=\"text\" id=\"avia_4_1\" value=\"\" \/><\/p><p class='first_form  form_element form_fullwidth' id='element_avia_5_1'><label for=\"avia_5_1\" class=\"textare_label hidden textare_label_avia_5_1\">Message and details: <abbr class=\"required\" title=\"required\">*<\/abbr><\/label><textarea  name=\"avia_5_1\" class=\"text_area is_empty\" cols=\"40\" rows=\"7\" id=\"avia_5_1\" ><\/textarea><\/p><p class='first_form  form_element form_fullwidth' id='element_avia_6_1'><input  name=\"avia_6_1\" class=\"input_checkbox\" type=\"checkbox\" id=\"avia_6_1\" value=\"true\"\/><label class=\"input_checkbox_label\" for=\"avia_6_1\">Przeczyta\u0142em\/am i zapozna\u0142em\/am si\u0119 z polityk\u0105 prywatno\u015bci. Tym samym wyra\u017cam zgod\u0119 na przetwarzanie moich danych osobowych przez Maitri<\/label><\/p><p class=\"hidden\"><input type=\"text\" name=\"avia_7_1\" class=\"hidden\" id=\"avia_7_1\" value=\"\" \/><\/p><p class='form_element form_fullwidth' id='element_avia_8_1'><span class='value_verifier_label'>3 + 4 = ?<\/span><input name=\"avia_8_1_verifier\" type=\"hidden\" id=\"avia_8_1_verifier\" value=\"717435132\"\/><label for=\"avia_8_1\">Please prove that you are human by solving the equation <abbr class=\"required\" title=\"required\">*<\/abbr><\/label><input name=\"avia_8_1\" class=\"text_input captcha\" type=\"text\" id=\"avia_8_1\" value=\"\"\/><\/p><p class=\"form_element\"><input type=\"hidden\" value=\"1\" name=\"avia_generated_form1\" \/><input type=\"submit\" value=\"Send\" class=\"button\"  data-sending-label=\"Sending\"\/><\/p><\/fieldset><input type=\"hidden\" name=\"trp-form-language\" value=\"en\"\/><\/form><div id=\"ajaxresponse_1\" class=\"ajaxresponse ajaxresponse_1 hidden\"><\/div>\n<\/div><\/div><\/div><!-- close content main div --><\/div><\/div><div id='after_section_2'  class='main_color av_default_container_wrap container_wrap sidebar_right'  ><div class='container av-section-cont-open' ><div class='template-page content  av-content-small alpha units'><div class='post-entry post-entry-type-page post-entry-1302'><div class='entry-content-wrapper clearfix'>","protected":false},"excerpt":{"rendered":"","protected":false},"author":1,"featured_media":0,"parent":0,"menu_order":0,"comment_status":"open","ping_status":"closed","template":"","meta":{"footnotes":""},"class_list":["post-1302","page","type-page","status-publish","hentry"],"jetpack_sharing_enabled":true,"_links":{"self":[{"href":"https:\/\/maitri.com.pl\/en\/wp-json\/wp\/v2\/pages\/1302","targetHints":{"allow":["GET"]}}],"collection":[{"href":"https:\/\/maitri.com.pl\/en\/wp-json\/wp\/v2\/pages"}],"about":[{"href":"https:\/\/maitri.com.pl\/en\/wp-json\/wp\/v2\/types\/page"}],"author":[{"embeddable":true,"href":"https:\/\/maitri.com.pl\/en\/wp-json\/wp\/v2\/users\/1"}],"replies":[{"embeddable":true,"href":"https:\/\/maitri.com.pl\/en\/wp-json\/wp\/v2\/comments?post=1302"}],"version-history":[{"count":113,"href":"https:\/\/maitri.com.pl\/en\/wp-json\/wp\/v2\/pages\/1302\/revisions"}],"predecessor-version":[{"id":10579,"href":"https:\/\/maitri.com.pl\/en\/wp-json\/wp\/v2\/pages\/1302\/revisions\/10579"}],"wp:attachment":[{"href":"https:\/\/maitri.com.pl\/en\/wp-json\/wp\/v2\/media?parent=1302"}],"curies":[{"name":"wp","href":"https:\/\/api.w.org\/{rel}","templated":true}]}}