{"id":1224,"date":"2013-04-05T17:31:26","date_gmt":"2013-04-05T15:31:26","guid":{"rendered":"http:\/\/www.kriesi.at\/themes\/enfold\/?page_id=1224"},"modified":"2025-08-22T16:15:31","modified_gmt":"2025-08-22T14:15:31","slug":"umow-sesje-online","status":"publish","type":"page","link":"https:\/\/maitri.com.pl\/en\/umow-sesje-online\/","title":{"rendered":"Book A Session"},"content":{"rendered":"<style type=\"text\/css\" data-created_by=\"avia_inline_auto\" id=\"style-css-av-p50ego-3121544ca0b050d09850cf655fba2175\">\n.avia-section.av-p50ego-3121544ca0b050d09850cf655fba2175 .av-parallax .av-parallax-inner{\nbackground-repeat:no-repeat;\nbackground-image:url(https:\/\/maitri.com.pl\/wp-content\/uploads\/2020\/04\/lalalala-1500x885.jpeg);\nbackground-position:50% 50%;\nbackground-attachment:scroll;\n}\n<\/style>\n<div id='av_section_1'  class='avia-section av-p50ego-3121544ca0b050d09850cf655fba2175 alternate_color avia-section-default avia-no-shadow  avia-builder-el-0  el_before_av_hr  avia-builder-el-first  avia-full-stretch av-parallax-section avia-bg-style-parallax container_wrap sidebar_right'  data-section-bg-repeat='stretch'><div class='av-parallax' data-avia-parallax-ratio='0.3' ><div class='av-parallax-inner alternate_color avia-full-stretch'><\/div><\/div><div class='container av-section-cont-open' ><main  role=\"main\" itemprop=\"mainContentOfPage\"  class='template-page content  av-content-small alpha units'><div class='post-entry post-entry-type-page post-entry-1224'><div class='entry-content-wrapper clearfix'>\n\n<style type=\"text\/css\" data-created_by=\"avia_inline_auto\" id=\"style-css-av-35hvzs-7b4fff4316d92e69e3fc748feacd192d\">\n#top .hr.hr-invisible.av-35hvzs-7b4fff4316d92e69e3fc748feacd192d{\nheight:15px;\n}\n<\/style>\n<div  class='hr av-35hvzs-7b4fff4316d92e69e3fc748feacd192d hr-invisible  avia-builder-el-1  el_before_av_textblock  avia-builder-el-first'><span class='hr-inner'><span class=\"hr-inner-style\"><\/span><\/span><\/div>\n<section  class='av_textblock_section av-nht22g-1c0a39797966d811ec5098f2e8ec82eb'   itemscope=\"itemscope\" itemtype=\"https:\/\/schema.org\/CreativeWork\" ><div class='avia_textblock'  itemprop=\"text\" ><h2 style=\"text-align: center;\"><span style=\"color: #545252;\">Book A Session<\/span><\/h2>\n<h5 style=\"text-align: center;\"><span style=\"color: #999999;\">Choose your best option.<\/span><\/h5>\n<\/div><\/section>\n\n<style type=\"text\/css\" data-created_by=\"avia_inline_auto\" id=\"style-css-av-26blko-f994001db9dd2a0de19bf2c34cb56114\">\n#top .hr.hr-invisible.av-26blko-f994001db9dd2a0de19bf2c34cb56114{\nheight:35px;\n}\n<\/style>\n<div  class='hr av-26blko-f994001db9dd2a0de19bf2c34cb56114 hr-invisible  avia-builder-el-3  el_after_av_textblock  el_before_av_one_half'><span class='hr-inner'><span class=\"hr-inner-style\"><\/span><\/span><\/div>\n<div  class='flex_column av-av_one_half-516b7eac7a9c6cd1b746245801c7486c av_one_half  avia-builder-el-4  el_after_av_hr  el_before_av_one_half  first flex_column_div'     ><style type=\"text\/css\" data-created_by=\"avia_inline_auto\" id=\"style-css-av-memwudy8-c1a0bbdaeebe466ff7d0bc16275d032b\">\n.iconbox.av-memwudy8-c1a0bbdaeebe466ff7d0bc16275d032b .iconbox_icon{\nbackground-color:#b02b2c;\n}\n.iconbox.av-memwudy8-c1a0bbdaeebe466ff7d0bc16275d032b .iconbox_content_container{\ncolor:#cccccc;\n}\n<\/style>\n<article  class='iconbox iconbox_top av-memwudy8-c1a0bbdaeebe466ff7d0bc16275d032b  avia-builder-el-5  avia-builder-el-no-sibling  main_color'  itemscope=\"itemscope\" itemtype=\"https:\/\/schema.org\/CreativeWork\" ><div class=\"iconbox_content\"><header class=\"entry-content-header\" aria-label=\"Icon: Konsultacja Psychologiczna Online\"><a href='https:\/\/maitri.com.pl\/en\/konsultacja-psychologiczna-online\/' title='Online Psychological Counseling' aria-label='Online Psychological Counseling'  class='iconbox_icon heading-color avia-iconfont avia-font-entypo-fontello' data-av_icon='\ue8be' data-av_iconfont='entypo-fontello' desc=\"Konsultacja Psychologiczna Online\" ><\/a><h3 class='iconbox_content_title'  itemprop=\"headline\" ><a href='https:\/\/maitri.com.pl\/en\/konsultacja-psychologiczna-online\/' title='Online Psychological Counseling' >Online Psychological Counseling<\/a><\/h3><\/header><div class='iconbox_content_container av_inherit_color'  itemprop=\"text\" ><p style=\"text-align: center;\"><span style=\"color: #808080;\"><strong>60\u20ac\/ 50min<\/strong><\/span><\/p>\n<\/div><\/div><footer class=\"entry-footer\"><\/footer><\/article><\/div><div  class='flex_column av-gw0bc8-870da6b3e715b19e5852d4334e6e8276 av_one_half  avia-builder-el-6  el_after_av_one_half  avia-builder-el-last  flex_column_div'     ><style type=\"text\/css\" data-created_by=\"avia_inline_auto\" id=\"style-css-av-f9i1q0-27eecab00a7c4aa1460815d081727478\">\n.iconbox.av-f9i1q0-27eecab00a7c4aa1460815d081727478 .iconbox_icon{\nbackground-color:#b02b2c;\n}\n.iconbox.av-f9i1q0-27eecab00a7c4aa1460815d081727478 .iconbox_content_container{\ncolor:#cccccc;\n}\n<\/style>\n<article  class='iconbox iconbox_top av-f9i1q0-27eecab00a7c4aa1460815d081727478  avia-builder-el-7  avia-builder-el-no-sibling  main_color'  itemscope=\"itemscope\" itemtype=\"https:\/\/schema.org\/CreativeWork\" ><div class=\"iconbox_content\"><header class=\"entry-content-header\" aria-label=\"Icon: Sesja Life Coachingu Online\"><a href='https:\/\/maitri.com.pl\/en\/sesje-life-coachingu-online\/' title='Online Life Coaching' aria-label='Online Life Coaching'  class='iconbox_icon heading-color avia-iconfont avia-font-entypo-fontello' data-av_icon='\ue8bf' data-av_iconfont='entypo-fontello' desc=\"Sesja Life Coachingu Online\" ><\/a><h3 class='iconbox_content_title'  itemprop=\"headline\" ><a href='https:\/\/maitri.com.pl\/en\/sesje-life-coachingu-online\/' title='Online Life Coaching' >Online Life Coaching<\/a><\/h3><\/header><div class='iconbox_content_container av_inherit_color'  itemprop=\"text\" ><p style=\"text-align: center;\"><span style=\"color: #808080;\"><strong>80\u20ac\/ 50min<\/strong><\/span><\/p>\n<\/div><\/div><footer class=\"entry-footer\"><\/footer><\/article><\/div><\/div><\/div><\/main><!-- close content main element --><\/div><\/div><div id='after_section_1'  class='main_color av_default_container_wrap container_wrap sidebar_right'  ><div class='container av-section-cont-open' ><div class='template-page content  av-content-small alpha units'><div class='post-entry post-entry-type-page post-entry-1224'><div class='entry-content-wrapper clearfix'>\n<style type=\"text\/css\" data-created_by=\"avia_inline_auto\" id=\"style-css-av-26blko-5-fc60488986db88bfb5e9695bae351746\">\n#top .hr.hr-invisible.av-26blko-5-fc60488986db88bfb5e9695bae351746{\nheight:25px;\n}\n<\/style>\n<div  class='hr av-26blko-5-fc60488986db88bfb5e9695bae351746 hr-invisible  avia-builder-el-8  el_after_av_section  el_before_av_one_full  avia-builder-el-first'><span class='hr-inner'><span class=\"hr-inner-style\"><\/span><\/span><\/div><\/p>\n<div  class='flex_column av-a51yig-133818486c50708a285b4f67c994f574 av_one_full  avia-builder-el-9  el_after_av_hr  el_before_av_one_full  first flex_column_div'     ><p>\n<style type=\"text\/css\" data-created_by=\"avia_inline_auto\" id=\"style-css-av-4997rs-255cdeb60a30c2bf13fccb2b4268eb9a\">\n#top .av-special-heading.av-4997rs-255cdeb60a30c2bf13fccb2b4268eb9a{\npadding-bottom:10px;\ncolor:#777777;\n}\nbody .av-special-heading.av-4997rs-255cdeb60a30c2bf13fccb2b4268eb9a .av-special-heading-tag .heading-char{\nfont-size:25px;\n}\n.av-special-heading.av-4997rs-255cdeb60a30c2bf13fccb2b4268eb9a .special-heading-inner-border{\nborder-color:#777777;\n}\n.av-special-heading.av-4997rs-255cdeb60a30c2bf13fccb2b4268eb9a .av-subheading{\nfont-size:15px;\n}\n<\/style>\n<div  class='av-special-heading av-4997rs-255cdeb60a30c2bf13fccb2b4268eb9a av-special-heading-h3 custom-color-heading  avia-builder-el-10  el_before_av_textblock  avia-builder-el-first'><h3 class='av-special-heading-tag'  itemprop=\"headline\"  >Scheduling Time for Counseling<\/h3><div class=\"special-heading-border\"><div class=\"special-heading-inner-border\"><\/div><\/div><\/div><br \/>\n\n<style type=\"text\/css\" data-created_by=\"avia_inline_auto\" id=\"style-css-av-7fvsvc-f39215ee97a8de10519fe7afa63e8026\">\n#top .av_textblock_section.av-7fvsvc-f39215ee97a8de10519fe7afa63e8026 .avia_textblock{\ncolor:#444444;\n}\n<\/style>\n<section  class='av_textblock_section av-7fvsvc-f39215ee97a8de10519fe7afa63e8026'   itemscope=\"itemscope\" itemtype=\"https:\/\/schema.org\/CreativeWork\" ><div class='avia_textblock av_inherit_color'  itemprop=\"text\" ><ul>\n<li style=\"text-align: justify;\"><span style=\"color: #616161;\">In order to schedule counseling session, please use  contact  form below.<\/span><\/li>\n<li style=\"text-align: justify;\"><span style=\"color: #616161;\">Please pay for your counseling not later than 24hours after you scheduled your session by using MAITRI\u2019s bank account or PayPal. Unless you send your payment on time, your scheduled session will be cancelled.<\/span><\/li>\n<li style=\"text-align: justify;\"><span style=\"color: #616161;\">Should you pay later than 48hours becouse of your late booking, please send your receipt to: a.ludew@maitri.com.pl (but not later than 24hours before your scheduled meeting).<\/span><\/li>\n<li style=\"text-align: justify;\"><span style=\"color: #616161;\">Unless you send your payment on time, your scheduled session will be canceled.<\/span><\/li>\n<li style=\"text-align: justify;\"><span style=\"color: #616161;\">Please inform us about cancellation not later than 48 hours before your scheduled session. Failure to cancel or canceling too late will result in the client being charged the session fee.<\/span><\/li>\n<li style=\"text-align: justify;\"><span style=\"color: #616161;\">As long as they follow agreed session plan without skipping more than 30days, clients are continuously charged same amount. <\/span><span style=\"color: #616161;\">If meetings are interrupted for a period longer than 30 days, the Client will pay the rate from the current price list for subsequent sessions.<\/span><\/li>\n<li style=\"text-align: justify;\"><span style=\"color: #616161;\">Prior to scheduling counseling session, please read MAITRI\u2019s <a style=\"color: #616161;\" href=\"https:\/\/maitri.com.pl\/en\/polityka-prywatnosci\/\"><strong>Privacy Policy<\/strong><\/a> and <a style=\"color: #616161;\" href=\"https:\/\/maitri.com.pl\/en\/warunki-wspolpracy\/\"><strong>Terms of Cooperation.<\/strong><\/a><\/span><\/li>\n<\/ul>\n<\/div><\/section><\/p><\/div><div  class='flex_column av-65wpjc-c20861032584adf80d3b48a08c370fe3 av_one_full  avia-builder-el-12  el_after_av_one_full  el_before_av_hr  first flex_column_div  column-top-margin'     ><p>\n<style type=\"text\/css\" data-created_by=\"avia_inline_auto\" id=\"style-css-av-20g1u0-73d481cc38078d43037369e07ec1d190\">\n#top .av-special-heading.av-20g1u0-73d481cc38078d43037369e07ec1d190{\npadding-bottom:10px;\ncolor:#777777;\n}\nbody .av-special-heading.av-20g1u0-73d481cc38078d43037369e07ec1d190 .av-special-heading-tag .heading-char{\nfont-size:25px;\n}\n.av-special-heading.av-20g1u0-73d481cc38078d43037369e07ec1d190 .special-heading-inner-border{\nborder-color:#777777;\n}\n.av-special-heading.av-20g1u0-73d481cc38078d43037369e07ec1d190 .av-subheading{\nfont-size:15px;\n}\n<\/style>\n<div  class='av-special-heading av-20g1u0-73d481cc38078d43037369e07ec1d190 av-special-heading-h3 custom-color-heading  avia-builder-el-13  el_before_av_textblock  avia-builder-el-first'><h3 class='av-special-heading-tag'  itemprop=\"headline\"  >Methods of Payment<\/h3><div class=\"special-heading-border\"><div class=\"special-heading-inner-border\"><\/div><\/div><\/div><br \/>\n\n<style type=\"text\/css\" data-created_by=\"avia_inline_auto\" id=\"style-css-av-1uni48-2dc9de222012cfbcc71b65557c11fcc4\">\n#top .av_textblock_section.av-1uni48-2dc9de222012cfbcc71b65557c11fcc4 .avia_textblock{\ncolor:#848484;\n}\n<\/style>\n<section  class='av_textblock_section av-1uni48-2dc9de222012cfbcc71b65557c11fcc4'   itemscope=\"itemscope\" itemtype=\"https:\/\/schema.org\/CreativeWork\" ><div class='avia_textblock av_inherit_color'  itemprop=\"text\" ><p style=\"text-align: justify;\"><strong style=\"color: #616161;\"><img loading=\"lazy\" decoding=\"async\" class=\"wp-image-5433 alignleft\" src=\"https:\/\/maitri.com.pl\/wp-content\/uploads\/2020\/04\/pobrane.png\" alt=\"\" width=\"37\" height=\"37\" srcset=\"https:\/\/maitri.com.pl\/wp-content\/uploads\/2020\/04\/pobrane.png 225w, https:\/\/maitri.com.pl\/wp-content\/uploads\/2020\/04\/pobrane-80x80.png 80w, https:\/\/maitri.com.pl\/wp-content\/uploads\/2020\/04\/pobrane-36x36.png 36w, https:\/\/maitri.com.pl\/wp-content\/uploads\/2020\/04\/pobrane-180x180.png 180w\" sizes=\"auto, (max-width: 37px) 100vw, 37px\" \/> <\/strong><span style=\"color: #616161;\">When using Bank Transfer, please wire your payment to the account number you will receive after having completed your registration.<\/span><\/p>\n<p style=\"text-align: justify;\"><img loading=\"lazy\" decoding=\"async\" class=\"wp-image-5435 alignleft\" style=\"text-align: justify;\" src=\"https:\/\/maitri.com.pl\/wp-content\/uploads\/2020\/04\/images-300x90.png\" alt=\"\" width=\"80\" height=\"24\" srcset=\"https:\/\/maitri.com.pl\/wp-content\/uploads\/2020\/04\/images-300x90.png 300w, https:\/\/maitri.com.pl\/wp-content\/uploads\/2020\/04\/images.png 409w\" sizes=\"auto, (max-width: 80px) 100vw, 80px\" \/><span style=\"color: #666262;\">This solution is dedicated especially for clients who stay abroad and\/or who want to pay <\/span><span style=\"color: #616161;\"><span style=\"color: #666262;\">with<\/span> their <\/span><strong style=\"color: #616161;\">Cre<\/strong><strong style=\"color: #616161;\">dit Cards<\/strong><span style=\"color: #616161;\"> (with additional 3% payment fee)<\/span><\/p>\n<\/div><\/section><\/p><\/div><div  class='hr av-26blko-4-9556cfeeb2e933920d4eebfaa653f020 hr-full  avia-builder-el-15  el_after_av_one_full  el_before_av_one_fourth  hr-no-shadow'><span class='hr-inner'><span class=\"hr-inner-style\"><\/span><\/span><\/div><\/p>\n\n<style type=\"text\/css\" data-created_by=\"avia_inline_auto\" id=\"style-css-av-7uomyw-9523732f581cc70ff905d05b426c34a2\">\n.flex_column.av-7uomyw-9523732f581cc70ff905d05b426c34a2{\nborder-radius:0px 0px 0px 0px;\npadding:0px 0px 0px 0px;\n}\n<\/style>\n<div  class='flex_column av-7uomyw-9523732f581cc70ff905d05b426c34a2 av_one_fourth  avia-builder-el-16  el_after_av_hr  el_before_av_one_half  first flex_column_div av-zero-column-padding'     ><\/div>\n\n<style type=\"text\/css\" data-created_by=\"avia_inline_auto\" id=\"style-css-av-5e3c5k-678a1cfafad07bcf3442fa59681c6914\">\n.flex_column.av-5e3c5k-678a1cfafad07bcf3442fa59681c6914{\nborder-radius:0px 0px 0px 0px;\npadding:0px 0px 0px 0px;\n}\n<\/style>\n<div  class='flex_column av-5e3c5k-678a1cfafad07bcf3442fa59681c6914 av_one_half  avia-builder-el-17  el_after_av_one_fourth  el_before_av_one_fourth  flex_column_div av-zero-column-padding'     ><p>\n<style type=\"text\/css\" data-created_by=\"avia_inline_auto\" id=\"style-css-av-36ojhk-8012335238907b50c6199f1e07e0f5e7\">\n#top .av-special-heading.av-36ojhk-8012335238907b50c6199f1e07e0f5e7{\npadding-bottom:10px;\ncolor:#424242;\n}\nbody .av-special-heading.av-36ojhk-8012335238907b50c6199f1e07e0f5e7 .av-special-heading-tag .heading-char{\nfont-size:25px;\n}\n.av-special-heading.av-36ojhk-8012335238907b50c6199f1e07e0f5e7 .special-heading-inner-border{\nborder-color:#424242;\n}\n.av-special-heading.av-36ojhk-8012335238907b50c6199f1e07e0f5e7 .av-subheading{\nfont-size:15px;\n}\n<\/style>\n<div  class='av-special-heading av-36ojhk-8012335238907b50c6199f1e07e0f5e7 av-special-heading-h3 custom-color-heading blockquote modern-quote modern-centered  avia-builder-el-18  el_before_av_hr  avia-builder-el-first'><h3 class='av-special-heading-tag'  itemprop=\"headline\"  >Book your first session<\/h3><div class=\"special-heading-border\"><div class=\"special-heading-inner-border\"><\/div><\/div><\/div><br \/>\n\n<style type=\"text\/css\" data-created_by=\"avia_inline_auto\" id=\"style-css-av-26blko-2-abdb8d28077cd284500fd8abee961350\">\n#top .hr.hr-invisible.av-26blko-2-abdb8d28077cd284500fd8abee961350{\nheight:25px;\n}\n<\/style>\n<div  class='hr av-26blko-2-abdb8d28077cd284500fd8abee961350 hr-invisible  avia-builder-el-19  el_after_av_heading  el_before_av_contact'><span class='hr-inner'><span class=\"hr-inner-style\"><\/span><\/span><\/div><br \/>\n<form action=\"https:\/\/maitri.com.pl\/en\/umow-sesje-online\/\" method=\"post\" data-fields-with-error=\"Found errors in the following field(s):\" class=\"avia_ajax_form av-form-labels-visible   avia-builder-el-20  el_after_av_hr  el_before_av_hr\" data-avia-form-id=\"1\" data-avia-redirect='' data-trp-original-action=\"https:\/\/maitri.com.pl\/en\/umow-sesje-online\/\" ><fieldset><p class='first_form  form_element form_fullwidth' id='element_avia_1_1'><label for=\"avia_1_1\">Name <abbr class=\"required\" title=\"required\">*<\/abbr><\/label> <input name=\"avia_1_1\" class=\"text_input is_empty\" type=\"text\" id=\"avia_1_1\" value=\"\" \/><\/p><p class='first_form  form_element form_fullwidth' id='element_avia_2_1'><label for=\"avia_2_1\">E-Mail <abbr class=\"required\" title=\"required\">*<\/abbr><\/label> <input name=\"avia_2_1\" class=\"text_input is_email\" type=\"text\" id=\"avia_2_1\" value=\"\" \/><\/p><p class='first_form  form_element form_fullwidth' id='element_avia_3_1'><label for=\"avia_3_1\">Select your choice <abbr class=\"required\" title=\"required\">*<\/abbr><\/label><select  name=\"avia_3_1\" class=\"select is_empty\" id=\"avia_3_1\"><option   value='Konsultacja Online \"Wypr\u00f3buj Sesj\u0119\"'>\"Try me\" Online Counseling<\/option><option   value='Konsultacja Psychologiczna Online'>Online Psychological Counseling<\/option><option   value='Trening Psychologiczny \"Maitri\" Online'>Online Psychological Training \"Maitri\"<\/option><option   value='Sesja Life Coachingu Online'>Online Life Coaching<\/option><option   value='Trening Wsp\u00f3\u0142czuj\u0105cego Umys\u0142u'>Trening Wsp\u00f3\u0142czuj\u0105cego Umys\u0142u<\/option><option   value='Inna'>Inna<\/option><\/select><\/p><p class='first_form  form_element form_fullwidth' id='element_avia_4_1'><label for=\"avia_4_1\">Suggest most convenient date for you <abbr class=\"required\" title=\"required\">*<\/abbr><\/label> <input name=\"avia_4_1\" class=\"avia_datepicker text_input is_empty\" type=\"text\" id=\"avia_4_1\" value=\"\" placeholder=\"DD \/ MM \/ YY\" inputmode=\"none\" \/><\/p><p class='first_form  form_element form_fullwidth' id='element_avia_5_1'><label for=\"avia_5_1\" class=\"textare_label hidden textare_label_avia_5_1\">Message <abbr class=\"required\" title=\"required\">*<\/abbr><\/label><textarea  name=\"avia_5_1\" class=\"text_area is_empty\" cols=\"40\" rows=\"7\" id=\"avia_5_1\" ><\/textarea><\/p><p class='first_form  form_element form_fullwidth' id='element_avia_6_1'><input  name=\"avia_6_1\" class=\"input_checkbox is_empty\" type=\"checkbox\" id=\"avia_6_1\" value=\"true\"\/><label class=\"input_checkbox_label\" for=\"avia_6_1\">I have read the privacy policy and terms of cooperation and I accept them without restrictions. <abbr class=\"required\" title=\"required\">*<\/abbr><\/label><\/p><p class=\"hidden\"><input type=\"text\" name=\"avia_7_1\" class=\"hidden\" id=\"avia_7_1\" value=\"\" \/><\/p><div id='avia_8_1' class='av-recaptcha-area  first_form  form_element form_fullwidth'  data-container_class=\"\" data-custom_class=\"\" data-context=\"av_contact_form\" data-token_input=\"av_recaptcha_token\" data-version=\"avia_recaptcha_v3\" data-theme=\"light\" data-size=\"normal\" data-score=\"0.7\" data-text_to_preview=\"\" data-value=\"\"><div class=\"av-google-badge-message hidden\">This site is protected by reCAPTCHA and the Google <a href=\"https:\/\/policies.google.com\/privacy\">Privacy Policy<\/a> and <a href=\"https:\/\/policies.google.com\/terms\">Terms of Service<\/a> apply.<\/div><\/div><p class=\"form_element\"><input type=\"hidden\" value=\"1\" name=\"avia_generated_form1\" \/><input type=\"submit\" value=\"Send\" class=\"button\"  data-sending-label=\"Sending\"\/><\/p><\/fieldset><div class=\"avia-disabled-form\">This contact form is deactivated because you refused to accept Google reCaptcha service which is necessary to validate any messages sent by the form.<\/div><input type=\"hidden\" name=\"trp-form-language\" value=\"en\"\/><\/form><div id=\"ajaxresponse_1\" class=\"ajaxresponse ajaxresponse_1 hidden\"><\/div><br \/>\n\n<style type=\"text\/css\" data-created_by=\"avia_inline_auto\" id=\"style-css-av-26blko-1-5ec0395ce605461f4e5625dddf893a8f\">\n#top .hr.hr-invisible.av-26blko-1-5ec0395ce605461f4e5625dddf893a8f{\nheight:50px;\n}\n<\/style>\n<div  class='hr av-26blko-1-5ec0395ce605461f4e5625dddf893a8f hr-invisible  avia-builder-el-21  el_after_av_contact  avia-builder-el-last'><span class='hr-inner'><span class=\"hr-inner-style\"><\/span><\/span><\/div><\/p><\/div>\n\n<style type=\"text\/css\" data-created_by=\"avia_inline_auto\" id=\"style-css-av-2x26co-2318205af863b1844f0e21508d02175c\">\n.flex_column.av-2x26co-2318205af863b1844f0e21508d02175c{\nborder-radius:0px 0px 0px 0px;\npadding:0px 0px 0px 0px;\n}\n<\/style>\n<div  class='flex_column av-2x26co-2318205af863b1844f0e21508d02175c av_one_fourth  avia-builder-el-22  el_after_av_one_half  el_before_av_hr  flex_column_div av-zero-column-padding'     ><\/div>\n\n<style type=\"text\/css\" data-created_by=\"avia_inline_auto\" id=\"style-css-av-2cn80o-d7780df65a1e67f8802b3d6c2062583d\">\n#top .hr.hr-invisible.av-2cn80o-d7780df65a1e67f8802b3d6c2062583d{\nheight:50px;\n}\n<\/style>\n<div  class='hr av-2cn80o-d7780df65a1e67f8802b3d6c2062583d hr-invisible  avia-builder-el-23  el_after_av_one_fourth  avia-builder-el-last'><span class='hr-inner'><span class=\"hr-inner-style\"><\/span><\/span><\/div>","protected":false},"excerpt":{"rendered":"","protected":false},"author":1,"featured_media":0,"parent":0,"menu_order":0,"comment_status":"open","ping_status":"closed","template":"","meta":{"footnotes":""},"class_list":["post-1224","page","type-page","status-publish","hentry"],"jetpack_sharing_enabled":true,"_links":{"self":[{"href":"https:\/\/maitri.com.pl\/en\/wp-json\/wp\/v2\/pages\/1224","targetHints":{"allow":["GET"]}}],"collection":[{"href":"https:\/\/maitri.com.pl\/en\/wp-json\/wp\/v2\/pages"}],"about":[{"href":"https:\/\/maitri.com.pl\/en\/wp-json\/wp\/v2\/types\/page"}],"author":[{"embeddable":true,"href":"https:\/\/maitri.com.pl\/en\/wp-json\/wp\/v2\/users\/1"}],"replies":[{"embeddable":true,"href":"https:\/\/maitri.com.pl\/en\/wp-json\/wp\/v2\/comments?post=1224"}],"version-history":[{"count":195,"href":"https:\/\/maitri.com.pl\/en\/wp-json\/wp\/v2\/pages\/1224\/revisions"}],"predecessor-version":[{"id":10617,"href":"https:\/\/maitri.com.pl\/en\/wp-json\/wp\/v2\/pages\/1224\/revisions\/10617"}],"wp:attachment":[{"href":"https:\/\/maitri.com.pl\/en\/wp-json\/wp\/v2\/media?parent=1224"}],"curies":[{"name":"wp","href":"https:\/\/api.w.org\/{rel}","templated":true}]}}