{"id":1108,"date":"2013-04-04T23:13:40","date_gmt":"2013-04-04T21:13:40","guid":{"rendered":"http:\/\/www.kriesi.at\/themes\/enfold\/?page_id=1108"},"modified":"2025-08-21T19:39:39","modified_gmt":"2025-08-21T17:39:39","slug":"strona-glowna","status":"publish","type":"page","link":"https:\/\/maitri.com.pl\/en\/","title":{"rendered":"Home"},"content":{"rendered":"<p><div id='layer_slider_1'  class='avia-layerslider main_color avia-shadow  avia-builder-el-0  el_before_av_hr  avia-builder-el-first  container_wrap sidebar_right'  style='height: 501px; max-width: 1280px; margin: 0 auto;'  ><\/div><div id='after_layer_slider_1'  class='main_color av_default_container_wrap container_wrap sidebar_right'  ><div class='container av-section-cont-open' ><div class='template-page content  av-content-small alpha units'><div class='post-entry post-entry-type-page post-entry-1108'><div class='entry-content-wrapper clearfix'> \n<style type=\"text\/css\" data-created_by=\"avia_inline_auto\" id=\"style-css-av-k8orl80h-d8b19a9218d03f05cd9371f3c3567040\">\n#top .hr.av-k8orl80h-d8b19a9218d03f05cd9371f3c3567040{\nmargin-top:30px;\nmargin-bottom:30px;\n}\n.hr.av-k8orl80h-d8b19a9218d03f05cd9371f3c3567040 .hr-inner{\nwidth:200px;\nborder-color:#e2e2e2;\nmax-width:45%;\n}\n.hr.av-k8orl80h-d8b19a9218d03f05cd9371f3c3567040 .av-seperator-icon{\ncolor:#ff0044;\n}\n.hr.av-k8orl80h-d8b19a9218d03f05cd9371f3c3567040 .av-seperator-icon.avia-svg-icon svg:first-child{\nfill:#ff0044;\nstroke:#ff0044;\n}\n<\/style>\n<div  class='hr av-k8orl80h-d8b19a9218d03f05cd9371f3c3567040 hr-custom  avia-builder-el-1  el_after_av_layerslider  el_before_av_textblock  avia-builder-el-first  hr-center hr-icon-yes'><span class='hr-inner inner-border-av-border-thin'><span class=\"hr-inner-style\"><\/span><\/span><span class='av-seperator-icon avia-iconfont avia-font-entypo-fontello' data-av_icon='\ue89a' data-av_iconfont='entypo-fontello' ><\/span><span class='hr-inner inner-border-av-border-thin'><span class=\"hr-inner-style\"><\/span><\/span><\/div> \n<style type=\"text\/css\" data-created_by=\"avia_inline_auto\" id=\"style-css-av-k8orp6qy-d21c08741d314f30d327b2040829b8bc\">\n#top .av_textblock_section.av-k8orp6qy-d21c08741d314f30d327b2040829b8bc .avia_textblock{\ncolor:#474645;\n}\n<\/style>\n<section  class='av_textblock_section av-k8orp6qy-d21c08741d314f30d327b2040829b8bc'   itemscope=\"itemscope\" itemtype=\"https:\/\/schema.org\/CreativeWork\" ><div class='avia_textblock av_inherit_color'  itemprop=\"text\" ><h1 style=\"text-align: center;\">PRZESTRZE\u0143 PSYCHOLOGII I ROZWOJU<\/h1>\n<h3 style=\"text-align: center;\">A safe place to build a life worth living.<\/h3>\n<\/div><\/section> <div  class='hr av-k8orl80h-42e3a6e3191e1707f02ce9d79ef47418 hr-default  avia-builder-el-3  el_after_av_textblock  el_before_av_hr'><span class='hr-inner'><span class=\"hr-inner-style\"><\/span><\/span><\/div> <div class='flex_column_table av-1myq28k-1c1216f470ba1df6818b8ae69b50a138 sc-av_one_half av-equal-height-column-flextable shadow-not-animated'>\n<style type=\"text\/css\" data-created_by=\"avia_inline_auto\" id=\"style-css-av-1myq28k-1c1216f470ba1df6818b8ae69b50a138\">\n@keyframes av_boxShadowEffect_av-1myq28k-1c1216f470ba1df6818b8ae69b50a138-row {\n0%   { box-shadow:  0 0 0 0 #f4f4f4; opacity: 1; }\n100% { box-shadow:  0 0 10px 0 #f4f4f4; opacity: 1; }\n}\n@keyframes av_boxShadowEffect_av-1myq28k-1c1216f470ba1df6818b8ae69b50a138-column {\n0%   { box-shadow:  0 0 0 0 ; opacity: 1; }\n100% { box-shadow:  0 0 10px 0 ; opacity: 1; }\n}\n.flex_column_table.av-equal-height-column-flextable.av-1myq28k-1c1216f470ba1df6818b8ae69b50a138{\nbox-shadow: 0 0 10px 0 #f4f4f4;\n}\n.flex_column.av-1myq28k-1c1216f470ba1df6818b8ae69b50a138{\nborder-radius:0px 0px 0px 0px;\npadding:0px 0px 0px 0px;\n}\n<\/style>\n<div  class='flex_column av-1myq28k-1c1216f470ba1df6818b8ae69b50a138 av_one_half first flex_column_table_cell av-equal-height-column av-align-top av-zero-column-padding'     ><style type=\"text\/css\" data-created_by=\"avia_inline_auto\" id=\"style-css-av-1lqjp5g-2bc05073cd2d7315ba9a5c373cc549c2\">\n.avia-image-container.av-1lqjp5g-2bc05073cd2d7315ba9a5c373cc549c2 img.avia_image{\nbox-shadow:none;\n}\n.avia-image-container.av-1lqjp5g-2bc05073cd2d7315ba9a5c373cc549c2 .av-caption-image-overlay-bg{\nopacity:0.2;\nbackground-color:#000000;\n}\n.avia-image-container.av-1lqjp5g-2bc05073cd2d7315ba9a5c373cc549c2 .av-image-caption-overlay-center{\ncolor:#ffffff;\nfont-size:20px;\n}\n<\/style>\n<div  class='avia-image-container av-1lqjp5g-2bc05073cd2d7315ba9a5c373cc549c2 av-styling-no-styling av-img-linked avia-align-center noHover av-overlay-hover-deactivate'   itemprop=\"image\" itemscope=\"itemscope\" itemtype=\"https:\/\/schema.org\/ImageObject\" ><div class=\"avia-image-container-inner\"><div class=\"avia-image-overlay-wrap\"><a href=\"https:\/\/maitri.com.pl\/en\/uslugi\/\" class='avia_image'  aria-label='Business Training and Coaching'><div class=\"av-image-caption-overlay\"><div class=\"av-caption-image-overlay-bg\"><\/div><div class=\"av-image-caption-overlay-position\"><div class=\"av-image-caption-overlay-center\"><p> Business Training and Coaching <\/p>\n<\/div><\/div><\/div><img decoding=\"async\" fetchpriority=\"high\" class='wp-image-3257 avia-img-lazy-loading-not-3257 avia_image' src=\"Training &amp; Coaching\" alt='' title='Business Training and Coaching'  height=\"400\" width=\"495\"  itemprop=\"thumbnailUrl\" srcset=\"\" sizes=\"(max-width: 495px) 100vw, 495px\" data-srcset=\"\" \/><\/a><\/div><\/div><\/div><\/div><\/div><!--close column table wrapper. Autoclose: 1 --> <div class='flex_column_table av-1dhur9g-d89e9504c50054d7a3fcb5eb2818b580 sc-av_one_half av-equal-height-column-flextable'><div class='av-flex-placeholder'><\/div>\n<style type=\"text\/css\" data-created_by=\"avia_inline_auto\" id=\"style-css-av-1dhur9g-d89e9504c50054d7a3fcb5eb2818b580\">\n.flex_column.av-1dhur9g-d89e9504c50054d7a3fcb5eb2818b580{\nborder-radius:0px 0px 0px 0px;\npadding:0px 0px 0px 0px;\n}\n<\/style>\n<div  class='flex_column av-1dhur9g-d89e9504c50054d7a3fcb5eb2818b580 av_one_half flex_column_table_cell av-equal-height-column av-align-top av-zero-column-padding'     ><style type=\"text\/css\" data-created_by=\"avia_inline_auto\" id=\"style-css-av-4rkpys-e427d6ae2817cf982a9eef57c7a9b4ee\">\n.avia-image-container.av-4rkpys-e427d6ae2817cf982a9eef57c7a9b4ee img.avia_image{\nbox-shadow:none;\n}\n.avia-image-container.av-4rkpys-e427d6ae2817cf982a9eef57c7a9b4ee .av-caption-image-overlay-bg{\nopacity:0.2;\nbackground-color:#000000;\n}\n.avia-image-container.av-4rkpys-e427d6ae2817cf982a9eef57c7a9b4ee .av-image-caption-overlay-center{\ncolor:#ffffff;\nfont-size:20px;\n}\n<\/style>\n<div  class='avia-image-container av-4rkpys-e427d6ae2817cf982a9eef57c7a9b4ee av-styling- av-img-linked avia-align-center noHover av-overlay-hover-deactivate'   itemprop=\"image\" itemscope=\"itemscope\" itemtype=\"https:\/\/schema.org\/ImageObject\" ><div class=\"avia-image-container-inner\"><div class=\"avia-image-overlay-wrap\"><a href=\"https:\/\/maitri.com.pl\/en\/pages__trashed\/gabinet-online\/\" class='avia_image'  aria-label='Online Counseling'><div class=\"av-image-caption-overlay\"><div class=\"av-caption-image-overlay-bg\"><\/div><div class=\"av-image-caption-overlay-position\"><div class=\"av-image-caption-overlay-center\"><p> Gabinet online Tw\u00f3j psycholog w zasi\u0119gu r\u0119ki <\/p>\n<\/div><\/div><\/div><img decoding=\"async\" fetchpriority=\"high\" class='wp-image-3255 avia-img-lazy-loading-not-3255 avia_image' src=\"Online Counseling\" alt='' title='Online Counseling'  height=\"400\" width=\"495\"  itemprop=\"thumbnailUrl\" srcset=\"\" sizes=\"(max-width: 495px) 100vw, 495px\" data-srcset=\"\" \/><\/a><\/div><\/div><\/div><\/div><\/div><!--close column table wrapper. Autoclose: 1 --> <div  class='hr av-1z3tms-b967b74df1cb5422f102580c607c8ada hr-default  avia-builder-el-4  el_after_av_hr  el_before_av_one_half'><span class='hr-inner'><span class=\"hr-inner-style\"><\/span><\/span><\/div> \n<style type=\"text\/css\" data-created_by=\"avia_inline_auto\" id=\"style-css-av-1z3tms-7aa3116be8a370029f6865c04078c953\">\n#top .hr.hr-invisible.av-1z3tms-7aa3116be8a370029f6865c04078c953{\nheight:30px;\n}\n<\/style>\n<div  class='hr av-1z3tms-7aa3116be8a370029f6865c04078c953 hr-invisible'><span class='hr-inner'><span class=\"hr-inner-style\"><\/span><\/span><\/div> <div  class='flex_column av-p6shh0-35d35cbda5633206d6649116e7a5acd7 av_one_half  avia-builder-el-5  el_after_av_hr  el_before_av_one_half  first flex_column_div'     ><p> \n<style type=\"text\/css\" data-created_by=\"avia_inline_auto\" id=\"style-css-av-400kdg-7a95b6f402cc32d16d8dec14f9f957a0\">\n#top .av-special-heading.av-400kdg-7a95b6f402cc32d16d8dec14f9f957a0{\npadding-bottom:20px;\ncolor:#b02b2c;\n}\nbody .av-special-heading.av-400kdg-7a95b6f402cc32d16d8dec14f9f957a0 .av-special-heading-tag .heading-char{\nfont-size:25px;\n}\n.av-special-heading.av-400kdg-7a95b6f402cc32d16d8dec14f9f957a0 .special-heading-inner-border{\nborder-color:#b02b2c;\n}\n.av-special-heading.av-400kdg-7a95b6f402cc32d16d8dec14f9f957a0 .av-subheading{\nfont-size:15px;\n}\n<\/style>\n<div  class='av-special-heading av-400kdg-7a95b6f402cc32d16d8dec14f9f957a0 av-special-heading-h4 custom-color-heading'><h4 class='av-special-heading-tag'  itemprop=\"headline\"  >About Maitri<\/h4><div class=\"special-heading-border\"><div class=\"special-heading-inner-border\"><\/div><\/div><\/div> <section  class='av_textblock_section av-n2lfh0-d89c77924ce7eee32e87f6ea322dee0f'   itemscope=\"itemscope\" itemtype=\"https:\/\/schema.org\/CreativeWork\" ><div class='avia_textblock av_inherit_color'  itemprop=\"text\" ><p style=\"text-align: justify;\">Maitri to przestrze\u0144 stworzona z my\u015bl\u0105 o ludziach, kt\u00f3rzy do\u015bwiadczaj\u0105c swojego \u017cycia chc\u0105 je przezywa\u0107 w pe\u0142ni i realizowa\u0107 w\u0142asne cele i marzenia.<\/p>\n<p style=\"text-align: justify;\">No matter how big or how small, there is often a gap between what we expect  from life and what our real life looks like.<\/p>\n<p style=\"text-align: justify;\">This is where <strong>&#8217;Maitri &#8211; Make friends with Yourself&#8217;<\/strong>can play important part. Maitri offers many different methods for  developing as an individual  and overcoming challenges on the path toward the life that is worth living.<\/p>\n<p style=\"text-align: justify;\">Here, you can find more about <strong><a href=\"https:\/\/maitri.com.pl\/en\/misja-i-wartosci\/\">MAITRI\u2019s Mission and Values.<\/a><\/strong><\/p>\n<p style=\"text-align: justify;\">\u00a0<\/p>\n<\/div><\/section> <\/p><\/div> <div  class='flex_column av-p6shh0-19fa1bff8dc194d75e53565c29ac2315 av_one_half flex_column_div'     ><p> \n<style type=\"text\/css\" data-created_by=\"avia_inline_auto\" id=\"style-css-av-1vt2xw-4fd6089a8bbc67dfbf55b194a6b0e207\">\n#top .av-special-heading.av-1vt2xw-4fd6089a8bbc67dfbf55b194a6b0e207{\npadding-bottom:20px;\ncolor:#b02b2c;\n}\nbody .av-special-heading.av-1vt2xw-4fd6089a8bbc67dfbf55b194a6b0e207 .av-special-heading-tag .heading-char{\nfont-size:25px;\n}\n.av-special-heading.av-1vt2xw-4fd6089a8bbc67dfbf55b194a6b0e207 .special-heading-inner-border{\nborder-color:#b02b2c;\n}\n.av-special-heading.av-1vt2xw-4fd6089a8bbc67dfbf55b194a6b0e207 .av-subheading{\nfont-size:15px;\n}\n<\/style>\n<div  class='av-special-heading av-1vt2xw-4fd6089a8bbc67dfbf55b194a6b0e207 av-special-heading-h5 custom-color-heading'><h5 class='av-special-heading-tag'  itemprop=\"headline\"  >###<\/h5><div class=\"special-heading-border\"><div class=\"special-heading-inner-border\"><\/div><\/div><\/div> <section  class='av_textblock_section av-n2lfh0-d89c77924ce7eee32e87f6ea322dee0f'   itemscope=\"itemscope\" itemtype=\"https:\/\/schema.org\/CreativeWork\" ><div class='avia_textblock av_inherit_color'  itemprop=\"text\" ><p style=\"text-align: justify;\"><span style=\"color: #333333;\">#personal growth\u00a0<\/span> \u00a0 \u00a0 \u00a0<strong><span style=\"color: #808080;\">#wellbeing<\/span>\u00a0 \u00a0<\/strong> \u00a0 # work-life balance     # trainings\u00a0 \u00a0 <span style=\"color: #808080;\">\u00a0# harmonia\u00a0<\/span>\u00a0 \u00a0 \u00a0 \u00a0 <span style=\"color: #000000;\"># coaching\u00a0<\/span> \u00a0 \u00a0 \u00a0 \u00a0 \u00a0 \u00a0 <span style=\"color: #999999;\">#meditation<\/span>\u00a0 \u00a0 \u00a0 <strong><span style=\"color: #000000;\">#emotional intelligence<\/span><\/strong>\u00a0 \u00a0#pomoc\u00a0 \u00a0 \u00a0 \u00a0# kariera\u00a0 \u00a0 \u00a0 \u00a0 \u00a0<span style=\"color: #bfbdbd;\"># r\u00f3wnowaga\u00a0 \u00a0 \u00a0 \u00a0 #leadership\u00a0 \u00a0 \u00a0 \u00a0 \u00a0#ACT\u00a0 \u00a0 \u00a0 <span style=\"color: #808080;\">#wisdom\u00a0<\/span> \u00a0 \u00a0#mindfulness    #motivation\u00a0 \u00a0 \u00a0<span style=\"color: #333333;\"><strong> #cooperation<\/strong>\u00a0<\/span> \u00a0 \u00a0 \u00a0 #insight     #intuition\u00a0 \u00a0 \u00a0 <span style=\"color: #333333;\">#stress\u00a0<\/span>\u00a0 \u00a0<strong>#management\u00a0<\/strong> \u00a0 #work burnout\u00a0 \u00a0 \u00a0 \u00a0<\/span>#skills<span style=\"color: #bfbdbd;\">\u00a0 \u00a0 \u00a0<span style=\"color: #999999;\">#depression\u00a0 \u00a0 <strong>#potential\u00a0<\/strong><\/span> \u00a0 \u00a0 \u00a0#emotional instability\u00a0 \u00a0 \u00a0 <strong><span style=\"color: #333333;\">#decision making\u00a0<\/span><\/strong> \u00a0 \u00a0 \u00a0#komunikacja\u00a0 \u00a0 \u00a0#lojalno\u015b\u0107\u00a0 \u00a0 \u00a0 #rozwi\u0105zywanie kryzys\u00f3w\u00a0 \u00a0 \u00a0#empatia\u00a0 \u00a0 <span style=\"color: #333333;\">#consulting      #success\u00a0 \u00a0 \u00a0 <strong><span style=\"color: #999999;\">#discovering\u00a0<\/span><\/strong> \u00a0 \u00a0#negotiations\u00a0 \u00a0 \u00a0 \u00a0<strong>#public speaking<\/strong><\/span><\/span><\/p>\n<\/div><\/section> <\/p><\/div> <div  class='hr av-4ed41w-f69151dc1539814a513aaf734bc202f5 hr-full hr-no-shadow'><span class='hr-inner'><span class=\"hr-inner-style\"><\/span><\/span><\/div> <\/p>","protected":false},"excerpt":{"rendered":"<p>This is a Page excerpt. It will be displayed for search results<\/p>","protected":false},"author":1,"featured_media":0,"parent":0,"menu_order":0,"comment_status":"closed","ping_status":"closed","template":"","meta":{"footnotes":""},"class_list":["post-1108","page","type-page","status-publish","hentry"],"jetpack_sharing_enabled":true,"_links":{"self":[{"href":"https:\/\/maitri.com.pl\/en\/wp-json\/wp\/v2\/pages\/1108","targetHints":{"allow":["GET"]}}],"collection":[{"href":"https:\/\/maitri.com.pl\/en\/wp-json\/wp\/v2\/pages"}],"about":[{"href":"https:\/\/maitri.com.pl\/en\/wp-json\/wp\/v2\/types\/page"}],"author":[{"embeddable":true,"href":"https:\/\/maitri.com.pl\/en\/wp-json\/wp\/v2\/users\/1"}],"replies":[{"embeddable":true,"href":"https:\/\/maitri.com.pl\/en\/wp-json\/wp\/v2\/comments?post=1108"}],"version-history":[{"count":79,"href":"https:\/\/maitri.com.pl\/en\/wp-json\/wp\/v2\/pages\/1108\/revisions"}],"predecessor-version":[{"id":10538,"href":"https:\/\/maitri.com.pl\/en\/wp-json\/wp\/v2\/pages\/1108\/revisions\/10538"}],"wp:attachment":[{"href":"https:\/\/maitri.com.pl\/en\/wp-json\/wp\/v2\/media?parent=1108"}],"curies":[{"name":"wp","href":"https:\/\/api.w.org\/{rel}","templated":true}]}}